{"id":92,"date":"2023-10-12T14:03:15","date_gmt":"2023-10-12T12:03:15","guid":{"rendered":"https:\/\/rrr.mailbox-marketing10.be\/?page_id=92"},"modified":"2023-10-24T11:57:03","modified_gmt":"2023-10-24T09:57:03","slug":"privacy","status":"publish","type":"page","link":"https:\/\/www.triple-rrr.com\/pt\/privacidade\/","title":{"rendered":"Privacidade"},"content":{"rendered":"<div data-elementor-type=\"wp-page\" data-elementor-id=\"92\" class=\"elementor elementor-92\" data-elementor-post-type=\"page\">\n\t\t\t\t\t\t\t<div class=\"elementor-element elementor-element-df66bb6 e-flex e-con-boxed e-con e-parent\" data-id=\"df66bb6\" data-element_type=\"container\" data-settings=\"{&quot;jet_parallax_layout_list&quot;:[],&quot;content_width&quot;:&quot;boxed&quot;}\" data-core-v316-plus=\"true\">\n\t\t\t\t\t<div class=\"e-con-inner\">\n\t\t\t\t<div class=\"elementor-element elementor-element-c8beff7 elementor-widget elementor-widget-heading\" data-id=\"c8beff7\" data-element_type=\"widget\" data-widget_type=\"heading.default\">\n\t\t\t\t<div class=\"elementor-widget-container\">\n\t\t\t<style>\/*! elementor - v3.17.0 - 08-11-2023 *\/\n.elementor-heading-title{padding:0;margin:0;line-height:1}.elementor-widget-heading .elementor-heading-title[class*=elementor-size-]>a{color:inherit;font-size:inherit;line-height:inherit}.elementor-widget-heading .elementor-heading-title.elementor-size-small{font-size:15px}.elementor-widget-heading .elementor-heading-title.elementor-size-medium{font-size:19px}.elementor-widget-heading .elementor-heading-title.elementor-size-large{font-size:29px}.elementor-widget-heading .elementor-heading-title.elementor-size-xl{font-size:39px}.elementor-widget-heading .elementor-heading-title.elementor-size-xxl{font-size:59px}<\/style><h1 class=\"elementor-heading-title elementor-size-default\">Privacidade<\/h1>\t\t<\/div>\n\t\t\t\t<\/div>\n\t\t\t\t<div class=\"elementor-element elementor-element-9600af9 elementor-widget elementor-widget-heading\" data-id=\"9600af9\" data-element_type=\"widget\" data-widget_type=\"heading.default\">\n\t\t\t\t<div class=\"elementor-widget-container\">\n\t\t\t<h2 class=\"elementor-heading-title elementor-size-default\">Nossa pol\u00edtica de GDPR<\/h2>\t\t<\/div>\n\t\t\t\t<\/div>\n\t\t\t\t<div class=\"elementor-element elementor-element-7e19188 elementor-widget elementor-widget-text-editor\" data-id=\"7e19188\" data-element_type=\"widget\" data-widget_type=\"text-editor.default\">\n\t\t\t\t<div class=\"elementor-widget-container\">\n\t\t\t<style>\/*! elementor - v3.17.0 - 08-11-2023 *\/\n.elementor-widget-text-editor.elementor-drop-cap-view-stacked .elementor-drop-cap{background-color:#69727d;color:#fff}.elementor-widget-text-editor.elementor-drop-cap-view-framed .elementor-drop-cap{color:#69727d;border:3px solid;background-color:transparent}.elementor-widget-text-editor:not(.elementor-drop-cap-view-default) .elementor-drop-cap{margin-top:8px}.elementor-widget-text-editor:not(.elementor-drop-cap-view-default) .elementor-drop-cap-letter{width:1em;height:1em}.elementor-widget-text-editor .elementor-drop-cap{float:left;text-align:center;line-height:1;font-size:50px}.elementor-widget-text-editor .elementor-drop-cap-letter{display:inline-block}<\/style>\t\t\t\t<p>Como parte de nossas atividades, registramos e usamos informa\u00e7\u00f5es sobre voc\u00ea (dados pessoais gerais) em conex\u00e3o com sua intera\u00e7\u00e3o conosco como pessoa vinculada a um de nossos clientes\/fornecedores existentes ou potenciais.<\/p><p>A TRIPLE R EUROPE \u00e9, portanto, uma \"controladora\" de seus dados pessoais, ou seja, respons\u00e1vel. Todo contato com a empresa deve ser feito por meio das informa\u00e7\u00f5es de contato indicadas em Informa\u00e7\u00f5es de contato<\/p>\t\t\t\t\t\t<\/div>\n\t\t\t\t<\/div>\n\t\t\t\t<div class=\"elementor-element elementor-element-4e12d64 elementor-widget elementor-widget-heading\" data-id=\"4e12d64\" data-element_type=\"widget\" data-widget_type=\"heading.default\">\n\t\t\t\t<div class=\"elementor-widget-container\">\n\t\t\t<h3 class=\"elementor-heading-title elementor-size-default\">Quais dados pessoais coletamos e com que finalidade?<\/h3>\t\t<\/div>\n\t\t\t\t<\/div>\n\t\t\t\t<div class=\"elementor-element elementor-element-057e347 elementor-widget elementor-widget-text-editor\" data-id=\"057e347\" data-element_type=\"widget\" data-widget_type=\"text-editor.default\">\n\t\t\t\t<div class=\"elementor-widget-container\">\n\t\t\t\t\t\t\t<p>Quando voc\u00ea visita nosso site, coletamos automaticamente dados sobre voc\u00ea; por exemplo, o tipo de navegador que voc\u00ea usa, quais termos de pesquisa voc\u00ea usa no site, seu endere\u00e7o IP e informa\u00e7\u00f5es sobre seu computador. Isso \u00e9 feito para otimizar a convers\u00e3o, aprimorar o site e realizar marketing direcionado.<\/p><p>Ao assinar nosso boletim informativo, voc\u00ea d\u00e1 seu consentimento expl\u00edcito para a coleta de informa\u00e7\u00f5es sobre voc\u00ea, como seu nome, endere\u00e7o, endere\u00e7o de e-mail, n\u00famero de telefone e informa\u00e7\u00f5es sobre o que voc\u00ea comprou e devolveu.<\/p><p>Quando voc\u00ea troca informa\u00e7\u00f5es de contato (eletronicamente ou por c\u00f3pia impressa) com um dos funcion\u00e1rios da TRIPLE R EUROPE, armazenamos essas informa\u00e7\u00f5es para podermos entrar em contato com voc\u00ea.<\/p><p>Usamos as informa\u00e7\u00f5es que coletamos quando voc\u00ea assina o boletim informativo para fins administrativos e para enviar-lhe ofertas especiais e marketing direto, inform\u00e1-lo sobre nossos produtos e novos itens ou servi\u00e7os e enviar-lhe outras not\u00edcias e informa\u00e7\u00f5es para \u00e1reas em que voc\u00ea nos deu permiss\u00e3o espec\u00edfica para faz\u00ea-lo.<\/p>\t\t\t\t\t\t<\/div>\n\t\t\t\t<\/div>\n\t\t\t\t<div class=\"elementor-element elementor-element-612957c elementor-widget elementor-widget-heading\" data-id=\"612957c\" data-element_type=\"widget\" data-widget_type=\"heading.default\">\n\t\t\t\t<div class=\"elementor-widget-container\">\n\t\t\t<h3 class=\"elementor-heading-title elementor-size-default\">Qual \u00e9 a base da coleta de dados?<\/h3>\t\t<\/div>\n\t\t\t\t<\/div>\n\t\t\t\t<div class=\"elementor-element elementor-element-eba2c57 elementor-widget elementor-widget-text-editor\" data-id=\"eba2c57\" data-element_type=\"widget\" data-widget_type=\"text-editor.default\">\n\t\t\t\t<div class=\"elementor-widget-container\">\n\t\t\t\t\t\t\t<p>A coleta de dados \u00e9 necess\u00e1ria para que possamos proteger nossos interesses no aprimoramento das fun\u00e7\u00f5es e do site, na constru\u00e7\u00e3o do site e no envio de ofertas relevantes.<\/p><p>Usamos seu endere\u00e7o IP somente para determinar sua localiza\u00e7\u00e3o geogr\u00e1fica e somente se tivermos recebido sua permiss\u00e3o espec\u00edfica para isso.<\/p><p>A coleta de dados \u00e9 necess\u00e1ria para que possamos realizar nossas atividades comerciais com voc\u00ea.<\/p>\t\t\t\t\t\t<\/div>\n\t\t\t\t<\/div>\n\t\t\t\t<div class=\"elementor-element elementor-element-34923c3 elementor-widget elementor-widget-heading\" data-id=\"34923c3\" data-element_type=\"widget\" data-widget_type=\"heading.default\">\n\t\t\t\t<div class=\"elementor-widget-container\">\n\t\t\t<h3 class=\"elementor-heading-title elementor-size-default\">Uso de processadores de dados<\/h3>\t\t<\/div>\n\t\t\t\t<\/div>\n\t\t\t\t<div class=\"elementor-element elementor-element-c1c679a elementor-widget elementor-widget-text-editor\" data-id=\"c1c679a\" data-element_type=\"widget\" data-widget_type=\"text-editor.default\">\n\t\t\t\t<div class=\"elementor-widget-container\">\n\t\t\t\t\t\t\t<p>Usamos empresas externas para servi\u00e7os que incluem a opera\u00e7\u00e3o t\u00e9cnica do site. Por exemplo, nosso fornecedor nos ajuda a realizar marketing direcionado, que inclui redirecionamento, melhorias no site e coleta de seus coment\u00e1rios sobre nossos produtos e servi\u00e7os. Essas empresas se enquadram na categoria de processadores de dados que s\u00e3o instru\u00eddos por n\u00f3s. Elas processam os dados pelos quais somos respons\u00e1veis. Os processadores de dados n\u00e3o devem usar os dados para outros fins que n\u00e3o sejam a execu\u00e7\u00e3o do contrato conosco e est\u00e3o sujeitos a um contrato de confidencialidade nesse sentido.<\/p>\t\t\t\t\t\t<\/div>\n\t\t\t\t<\/div>\n\t\t\t\t<div class=\"elementor-element elementor-element-5394cf9 elementor-widget elementor-widget-heading\" data-id=\"5394cf9\" data-element_type=\"widget\" data-widget_type=\"heading.default\">\n\t\t\t\t<div class=\"elementor-widget-container\">\n\t\t\t<h3 class=\"elementor-heading-title elementor-size-default\">Uso de cookies<\/h3>\t\t<\/div>\n\t\t\t\t<\/div>\n\t\t\t\t<div class=\"elementor-element elementor-element-c372a5a elementor-widget elementor-widget-text-editor\" data-id=\"c372a5a\" data-element_type=\"widget\" data-widget_type=\"text-editor.default\">\n\t\t\t\t<div class=\"elementor-widget-container\">\n\t\t\t\t\t\t\t<p>A TRIPLE R EUROPE faz uso de cookies ao oferecer esses servi\u00e7os. Trata-se de um pequeno arquivo simples com conte\u00fado que \u00e9 instalado no disco r\u00edgido de seu computador ou na sess\u00e3o de seu navegador. O cookie de sess\u00e3o n\u00e3o cont\u00e9m dados pessoais e serve apenas para ajud\u00e1-lo a facilitar o uso do nosso site. Caso tenha desativado o uso de cookies em seu navegador, voc\u00ea ainda ter\u00e1 acesso \u00e0 maioria das partes do site.<\/p>\t\t\t\t\t\t<\/div>\n\t\t\t\t<\/div>\n\t\t\t\t<div class=\"elementor-element elementor-element-b5000a2 elementor-widget elementor-widget-heading\" data-id=\"b5000a2\" data-element_type=\"widget\" data-widget_type=\"heading.default\">\n\t\t\t\t<div class=\"elementor-widget-container\">\n\t\t\t<h3 class=\"elementor-heading-title elementor-size-default\">Seguran\u00e7a<\/h3>\t\t<\/div>\n\t\t\t\t<\/div>\n\t\t\t\t<div class=\"elementor-element elementor-element-638b256 elementor-widget elementor-widget-text-editor\" data-id=\"638b256\" data-element_type=\"widget\" data-widget_type=\"text-editor.default\">\n\t\t\t\t<div class=\"elementor-widget-container\">\n\t\t\t\t\t\t\t<p>Tomamos as medidas de seguran\u00e7a t\u00e9cnicas e organizacionais apropriadas para garantir que os dados pessoais n\u00e3o sejam acidentalmente ou ilegalmente destru\u00eddos, perdidos, alterados ou reduzidos e para garantir que n\u00e3o caiam nas m\u00e3os de pessoas n\u00e3o autorizadas ou sejam usados indevidamente.<\/p><p>Somente os funcion\u00e1rios que t\u00eam uma necessidade real de acessar seus dados pessoais para realizar seu trabalho t\u00eam acesso aos seus dados.<\/p>\t\t\t\t\t\t<\/div>\n\t\t\t\t<\/div>\n\t\t\t\t<div class=\"elementor-element elementor-element-63d73dc elementor-widget elementor-widget-heading\" data-id=\"63d73dc\" data-element_type=\"widget\" data-widget_type=\"heading.default\">\n\t\t\t\t<div class=\"elementor-widget-container\">\n\t\t\t<h3 class=\"elementor-heading-title elementor-size-default\">N\u00e3o h\u00e1 venda de seus dados<\/h3>\t\t<\/div>\n\t\t\t\t<\/div>\n\t\t\t\t<div class=\"elementor-element elementor-element-d2bbe1d elementor-widget elementor-widget-text-editor\" data-id=\"d2bbe1d\" data-element_type=\"widget\" data-widget_type=\"text-editor.default\">\n\t\t\t\t<div class=\"elementor-widget-container\">\n\t\t\t\t\t\t\t<p>A TRIPLE R EUROPE n\u00e3o vender\u00e1 seus dados pessoais de comportamento na web a terceiros. Nossos colegas de trabalho e subcontratados s\u00e3o obrigados a tratar seus dados de visita \u00e0 web como confidenciais.<\/p>\t\t\t\t\t\t<\/div>\n\t\t\t\t<\/div>\n\t\t\t\t<div class=\"elementor-element elementor-element-14a7ce6 elementor-widget elementor-widget-heading\" data-id=\"14a7ce6\" data-element_type=\"widget\" data-widget_type=\"heading.default\">\n\t\t\t\t<div class=\"elementor-widget-container\">\n\t\t\t<h3 class=\"elementor-heading-title elementor-size-default\">Outros sites vinculados<\/h3>\t\t<\/div>\n\t\t\t\t<\/div>\n\t\t\t\t<div class=\"elementor-element elementor-element-5af554d elementor-widget elementor-widget-text-editor\" data-id=\"5af554d\" data-element_type=\"widget\" data-widget_type=\"text-editor.default\">\n\t\t\t\t<div class=\"elementor-widget-container\">\n\t\t\t\t\t\t\t<p>Voc\u00ea pode encontrar em nosso site tamb\u00e9m alguns links para outros sites. A TRIPLE R EUROPE n\u00e3o pode, em nenhum momento, assumir qualquer responsabilidade com rela\u00e7\u00e3o \u00e0 forma como essas partes podem tratar seus dados. Certifique-se de ler tamb\u00e9m a declara\u00e7\u00e3o de privacidade do site visitado, quando houver.<\/p>\t\t\t\t\t\t<\/div>\n\t\t\t\t<\/div>\n\t\t\t\t<div class=\"elementor-element elementor-element-eeac750 elementor-widget elementor-widget-heading\" data-id=\"eeac750\" data-element_type=\"widget\" data-widget_type=\"heading.default\">\n\t\t\t\t<div class=\"elementor-widget-container\">\n\t\t\t<h3 class=\"elementor-heading-title elementor-size-default\">Mudan\u00e7as<\/h3>\t\t<\/div>\n\t\t\t\t<\/div>\n\t\t\t\t<div class=\"elementor-element elementor-element-370c386 elementor-widget elementor-widget-text-editor\" data-id=\"370c386\" data-element_type=\"widget\" data-widget_type=\"text-editor.default\">\n\t\t\t\t<div class=\"elementor-widget-container\">\n\t\t\t\t\t\t\t<p>A TRIPLE R EUROPE se reserva o direito de fazer altera\u00e7\u00f5es a qualquer momento em sua declara\u00e7\u00e3o de privacidade. Certifique-se de verificar regularmente a declara\u00e7\u00e3o de privacidade para se manter informado sobre a pol\u00edtica de privacidade da TRIPLE R EUROPE.<\/p>\t\t\t\t\t\t<\/div>\n\t\t\t\t<\/div>\n\t\t\t\t<div class=\"elementor-element elementor-element-9708c5c elementor-widget elementor-widget-heading\" data-id=\"9708c5c\" data-element_type=\"widget\" data-widget_type=\"heading.default\">\n\t\t\t\t<div class=\"elementor-widget-container\">\n\t\t\t<h3 class=\"elementor-heading-title elementor-size-default\">Exclus\u00e3o de dados pessoais<\/h3>\t\t<\/div>\n\t\t\t\t<\/div>\n\t\t\t\t<div class=\"elementor-element elementor-element-ad83bb6 elementor-widget elementor-widget-text-editor\" data-id=\"ad83bb6\" data-element_type=\"widget\" data-widget_type=\"text-editor.default\">\n\t\t\t\t<div class=\"elementor-widget-container\">\n\t\t\t\t\t\t\t<p>Os dados que coletamos em rela\u00e7\u00e3o ao seu consentimento para receber marketing por e-mail e correio ser\u00e3o exclu\u00eddos se voc\u00ea retirar seu consentimento, a menos que tenhamos o direito de continuar o processamento.<\/p>\t\t\t\t\t\t<\/div>\n\t\t\t\t<\/div>\n\t\t\t\t<div class=\"elementor-element elementor-element-a1c570b elementor-widget elementor-widget-heading\" data-id=\"a1c570b\" data-element_type=\"widget\" data-widget_type=\"heading.default\">\n\t\t\t\t<div class=\"elementor-widget-container\">\n\t\t\t<h3 class=\"elementor-heading-title elementor-size-default\">Informa\u00e7\u00f5es de contato<\/h3>\t\t<\/div>\n\t\t\t\t<\/div>\n\t\t\t\t<div class=\"elementor-element elementor-element-86c37e9 elementor-widget elementor-widget-text-editor\" data-id=\"86c37e9\" data-element_type=\"widget\" data-widget_type=\"text-editor.default\">\n\t\t\t\t<div class=\"elementor-widget-container\">\n\t\t\t\t\t\t\t<p>A TRIPLE R EUROPE \u00e9 a controladora dos dados pessoais coletados. Se tiver alguma d\u00favida ou coment\u00e1rio sobre esta pol\u00edtica de dados pessoais, entre em contato conosco:<\/p>\t\t\t\t\t\t<\/div>\n\t\t\t\t<\/div>\n\t\t\t\t<div class=\"elementor-element elementor-element-c309b72 elementor-icon-list--layout-traditional elementor-list-item-link-full_width elementor-widget elementor-widget-icon-list\" data-id=\"c309b72\" data-element_type=\"widget\" data-widget_type=\"icon-list.default\">\n\t\t\t\t<div class=\"elementor-widget-container\">\n\t\t\t<link rel=\"stylesheet\" href=\"https:\/\/triple-rrr.com\/wp-content\/uploads\/elementor\/css\/custom-widget-icon-list.min.css?ver=1702063914\">\t\t<ul class=\"elementor-icon-list-items\">\n\t\t\t\t\t\t\t<li class=\"elementor-icon-list-item\">\n\t\t\t\t\t\t\t\t\t\t\t<a href=\"mailto:info@triple-rrr.com\" target=\"_blank\">\n\n\t\t\t\t\t\t\t\t\t\t\t<span class=\"elementor-icon-list-text\">info@triple-rrr.com<\/span>\n\t\t\t\t\t\t\t\t\t\t\t<\/a>\n\t\t\t\t\t\t\t\t\t<\/li>\n\t\t\t\t\t\t\t\t<li class=\"elementor-icon-list-item\">\n\t\t\t\t\t\t\t\t\t\t\t<a href=\"tel: 1 (416) 413-9202\">\n\n\t\t\t\t\t\t\t\t\t\t\t<span class=\"elementor-icon-list-text\">+1 (416) 413-9202<\/span>\n\t\t\t\t\t\t\t\t\t\t\t<\/a>\n\t\t\t\t\t\t\t\t\t<\/li>\n\t\t\t\t\t\t\t\t<li class=\"elementor-icon-list-item\">\n\t\t\t\t\t\t\t\t\t\t\t<a href=\"https:\/\/maps.app.goo.gl\/eSgsJSHjHcDDG6rf6\" target=\"_blank\">\n\n\t\t\t\t\t\t\t\t\t\t\t<span class=\"elementor-icon-list-text\">2700 Dufferin St., Unidade 86<\/span>\n\t\t\t\t\t\t\t\t\t\t\t<\/a>\n\t\t\t\t\t\t\t\t\t<\/li>\n\t\t\t\t\t\t\t\t<li class=\"elementor-icon-list-item\">\n\t\t\t\t\t\t\t\t\t\t\t<a href=\"https:\/\/maps.app.goo.gl\/eSgsJSHjHcDDG6rf6\" target=\"_blank\">\n\n\t\t\t\t\t\t\t\t\t\t\t<span class=\"elementor-icon-list-text\">York, ON M6B 4J3<\/span>\n\t\t\t\t\t\t\t\t\t\t\t<\/a>\n\t\t\t\t\t\t\t\t\t<\/li>\n\t\t\t\t\t\t\t\t<li class=\"elementor-icon-list-item\">\n\t\t\t\t\t\t\t\t\t\t<span class=\"elementor-icon-list-text\"><\/span>\n\t\t\t\t\t\t\t\t\t<\/li>\n\t\t\t\t\t\t<\/ul>\n\t\t\t\t<\/div>\n\t\t\t\t<\/div>\n\t\t\t\t\t<\/div>\n\t\t\t\t<\/div>\n\t\t<div class=\"elementor-element elementor-element-18624e9 e-con-full e-flex e-con e-parent\" data-id=\"18624e9\" data-element_type=\"container\" data-settings=\"{&quot;content_width&quot;:&quot;full&quot;,&quot;jet_parallax_layout_list&quot;:[]}\" data-core-v316-plus=\"true\">\n\t\t\t\t<div class=\"elementor-element elementor-element-5751a36 elementor-widget elementor-widget-template\" data-id=\"5751a36\" data-element_type=\"widget\" data-widget_type=\"template.default\">\n\t\t\t\t<div class=\"elementor-widget-container\">\n\t\t\t\t\t<div class=\"elementor-template\">\n\t\t\t\t\t<div data-elementor-type=\"section\" data-elementor-id=\"495\" class=\"elementor elementor-495\" data-elementor-post-type=\"elementor_library\">\n\t\t\t\t\t\t<div class=\"elementor-element elementor-element-f9c6ba7 e-flex e-con-boxed e-con e-parent\" data-id=\"f9c6ba7\" data-element_type=\"container\" data-settings=\"{&quot;background_background&quot;:&quot;classic&quot;,&quot;jet_parallax_layout_list&quot;:[],&quot;content_width&quot;:&quot;boxed&quot;}\" data-core-v316-plus=\"true\">\n\t\t\t\t\t<div class=\"e-con-inner\">\n\t\t\t\t<div class=\"elementor-element elementor-element-f23febe elementor-widget elementor-widget-heading\" data-id=\"f23febe\" data-element_type=\"widget\" data-widget_type=\"heading.default\">\n\t\t\t\t<div class=\"elementor-widget-container\">\n\t\t\t<h2 class=\"elementor-heading-title elementor-size-default\">Entre em contato conosco para obter solu\u00e7\u00f5es abrangentes<\/h2>\t\t<\/div>\n\t\t\t\t<\/div>\n\t\t\t\t<div class=\"elementor-element elementor-element-f27d57f elementor-widget elementor-widget-text-editor\" data-id=\"f27d57f\" data-element_type=\"widget\" data-widget_type=\"text-editor.default\">\n\t\t\t\t<div class=\"elementor-widget-container\">\n\t\t\t\t\t\t\t<p>Experimente nossas solu\u00e7\u00f5es de filtragem e limpeza de \u00f3leo de alto n\u00edvel, projetadas para atender \u00e0s suas necessidades espec\u00edficas. Nossa equipe dedicada est\u00e1 pronta para ajud\u00e1-lo com qualquer d\u00favida, suporte t\u00e9cnico ou agendamento de consultas.<\/p>\t\t\t\t\t\t<\/div>\n\t\t\t\t<\/div>\n\t\t<div class=\"elementor-element elementor-element-e41a51c e-flex e-con-boxed e-con e-child\" data-id=\"e41a51c\" data-element_type=\"container\" data-settings=\"{&quot;jet_parallax_layout_list&quot;:[],&quot;content_width&quot;:&quot;boxed&quot;}\">\n\t\t\t\t\t<div class=\"e-con-inner\">\n\t\t\t\t<div class=\"elementor-element elementor-element-836a652 elementor-widget__width-auto my-gradient-btn elementor-widget elementor-widget-button\" data-id=\"836a652\" data-element_type=\"widget\" data-widget_type=\"button.default\">\n\t\t\t\t<div class=\"elementor-widget-container\">\n\t\t\t\t\t<div class=\"elementor-button-wrapper\">\n\t\t\t<a class=\"elementor-button elementor-button-link elementor-size-sm\" href=\"https:\/\/www.triple-rrr.com\/pt\/contato\/\">\n\t\t\t\t\t\t<span class=\"elementor-button-content-wrapper\">\n\t\t\t\t\t\t<span class=\"elementor-button-text\">Entre em contato conosco<\/span>\n\t\t<\/span>\n\t\t\t\t\t<\/a>\n\t\t<\/div>\n\t\t\t\t<\/div>\n\t\t\t\t<\/div>\n\t\t\t\t\t<\/div>\n\t\t\t\t<\/div>\n\t\t\t\t\t<\/div>\n\t\t\t\t<\/div>\n\t\t\t\t\t\t<\/div>\n\t\t\t\t<\/div>\n\t\t\t\t<\/div>\n\t\t\t\t<\/div>\n\t\t\t\t<\/div>\n\t\t\t\t\t\t\t<\/div>","protected":false},"excerpt":{"rendered":"<p>Privacidade Nossa pol\u00edtica de GDPR Como parte de nossas atividades, registramos e usamos informa\u00e7\u00f5es sobre voc\u00ea (dados pessoais gerais) em conex\u00e3o com sua intera\u00e7\u00e3o conosco como uma pessoa vinculada a um de nossos clientes\/fornecedores existentes ou potenciais. A TRIPLE R EUROPE \u00e9, portanto, uma \"controladora\" de seus dados pessoais, ou seja, respons\u00e1vel. Todos os contatos com [...]<\/p>","protected":false},"author":3,"featured_media":0,"parent":0,"menu_order":0,"comment_status":"closed","ping_status":"closed","template":"","meta":{"_seopress_robots_primary_cat":"","footnotes":""},"class_list":["post-92","page","type-page","status-publish","hentry"],"_links":{"self":[{"href":"https:\/\/www.triple-rrr.com\/pt\/wp-json\/wp\/v2\/pages\/92","targetHints":{"allow":["GET"]}}],"collection":[{"href":"https:\/\/www.triple-rrr.com\/pt\/wp-json\/wp\/v2\/pages"}],"about":[{"href":"https:\/\/www.triple-rrr.com\/pt\/wp-json\/wp\/v2\/types\/page"}],"author":[{"embeddable":true,"href":"https:\/\/www.triple-rrr.com\/pt\/wp-json\/wp\/v2\/users\/3"}],"replies":[{"embeddable":true,"href":"https:\/\/www.triple-rrr.com\/pt\/wp-json\/wp\/v2\/comments?post=92"}],"version-history":[{"count":3,"href":"https:\/\/www.triple-rrr.com\/pt\/wp-json\/wp\/v2\/pages\/92\/revisions"}],"predecessor-version":[{"id":2025,"href":"https:\/\/www.triple-rrr.com\/pt\/wp-json\/wp\/v2\/pages\/92\/revisions\/2025"}],"wp:attachment":[{"href":"https:\/\/www.triple-rrr.com\/pt\/wp-json\/wp\/v2\/media?parent=92"}],"curies":[{"name":"wp","href":"https:\/\/api.w.org\/{rel}","templated":true}]}}