{"id":457,"date":"2023-10-13T13:32:34","date_gmt":"2023-10-13T11:32:34","guid":{"rendered":"https:\/\/rrr.mailbox-marketing10.be\/?page_id=457"},"modified":"2023-11-19T22:51:47","modified_gmt":"2023-11-19T21:51:47","slug":"total-oil-management","status":"publish","type":"page","link":"https:\/\/www.triple-rrr.com\/pt\/gerenciamento-total-de-oleo\/","title":{"rendered":"Gerenciamento total do petr\u00f3leo"},"content":{"rendered":"<div data-elementor-type=\"wp-page\" data-elementor-id=\"457\" class=\"elementor elementor-457\" data-elementor-post-type=\"page\">\n\t\t\t\t\t\t\t<div class=\"elementor-element elementor-element-a7e5988 e-flex e-con-boxed e-con e-parent\" data-id=\"a7e5988\" data-element_type=\"container\" data-settings=\"{&quot;background_background&quot;:&quot;classic&quot;,&quot;jet_parallax_layout_list&quot;:[],&quot;content_width&quot;:&quot;boxed&quot;}\" data-core-v316-plus=\"true\">\n\t\t\t\t\t<div class=\"e-con-inner\">\n\t\t<div class=\"elementor-element elementor-element-6dbd528 e-con-full e-flex e-con e-child\" data-id=\"6dbd528\" data-element_type=\"container\" data-settings=\"{&quot;content_width&quot;:&quot;full&quot;,&quot;jet_parallax_layout_list&quot;:[]}\">\n\t\t\t\t<div class=\"elementor-element elementor-element-f1140dd elementor-widget__width-initial elementor-widget elementor-widget-heading\" data-id=\"f1140dd\" data-element_type=\"widget\" data-widget_type=\"heading.default\">\n\t\t\t\t<div class=\"elementor-widget-container\">\n\t\t\t<style>\/*! elementor - v3.17.0 - 08-11-2023 *\/\n.elementor-heading-title{padding:0;margin:0;line-height:1}.elementor-widget-heading .elementor-heading-title[class*=elementor-size-]>a{color:inherit;font-size:inherit;line-height:inherit}.elementor-widget-heading .elementor-heading-title.elementor-size-small{font-size:15px}.elementor-widget-heading .elementor-heading-title.elementor-size-medium{font-size:19px}.elementor-widget-heading .elementor-heading-title.elementor-size-large{font-size:29px}.elementor-widget-heading .elementor-heading-title.elementor-size-xl{font-size:39px}.elementor-widget-heading .elementor-heading-title.elementor-size-xxl{font-size:59px}<\/style><h1 class=\"elementor-heading-title elementor-size-default\">Pare de substituir seu \u00f3leo Comece a limp\u00e1-lo<\/h1>\t\t<\/div>\n\t\t\t\t<\/div>\n\t\t\t\t<div class=\"elementor-element elementor-element-d68461d elementor-widget elementor-widget-text-editor\" data-id=\"d68461d\" data-element_type=\"widget\" data-widget_type=\"text-editor.default\">\n\t\t\t\t<div class=\"elementor-widget-container\">\n\t\t\t<style>\/*! elementor - v3.17.0 - 08-11-2023 *\/\n.elementor-widget-text-editor.elementor-drop-cap-view-stacked .elementor-drop-cap{background-color:#69727d;color:#fff}.elementor-widget-text-editor.elementor-drop-cap-view-framed .elementor-drop-cap{color:#69727d;border:3px solid;background-color:transparent}.elementor-widget-text-editor:not(.elementor-drop-cap-view-default) .elementor-drop-cap{margin-top:8px}.elementor-widget-text-editor:not(.elementor-drop-cap-view-default) .elementor-drop-cap-letter{width:1em;height:1em}.elementor-widget-text-editor .elementor-drop-cap{float:left;text-align:center;line-height:1;font-size:50px}.elementor-widget-text-editor .elementor-drop-cap-letter{display:inline-block}<\/style>\t\t\t\t<p>A ind\u00fastria depende de uma pel\u00edcula de \u00f3leo de menos de 10\u00b5. Essa pel\u00edcula de \u00f3leo m\u00ednima garante uma lubrifica\u00e7\u00e3o perfeita de suas m\u00e1quinas hidr\u00e1ulicas e caixas de engrenagens.<br \/>A pr\u00e1tica mostra que mais de 70% de todas as m\u00e1quinas hidr\u00e1ulicas est\u00e3o altamente contaminadas (&gt; NAS 9, &gt; ISO 21\/18\/16), mas a lubrifica\u00e7\u00e3o perfeita requer 100% de \u00f3leo limpo! \u00c9 hora de come\u00e7ar a limpar... .<\/p>\t\t\t\t\t\t<\/div>\n\t\t\t\t<\/div>\n\t\t\t\t<div class=\"elementor-element elementor-element-ec9b7b6 elementor-widget__width-initial elementor-widget elementor-widget-heading\" data-id=\"ec9b7b6\" data-element_type=\"widget\" data-widget_type=\"heading.default\">\n\t\t\t\t<div class=\"elementor-widget-container\">\n\t\t\t<h2 class=\"elementor-heading-title elementor-size-default\">O resultado<\/h2>\t\t<\/div>\n\t\t\t\t<\/div>\n\t\t\t\t<div class=\"elementor-element elementor-element-6b5f6a0 elementor-widget elementor-widget-text-editor\" data-id=\"6b5f6a0\" data-element_type=\"widget\" data-widget_type=\"text-editor.default\">\n\t\t\t\t<div class=\"elementor-widget-container\">\n\t\t\t\t\t\t\t<p>O \u00f3leo limpo diminui o desgaste, a falha da bomba e da v\u00e1lvula, o vazamento, a paralisa\u00e7\u00e3o da m\u00e1quina, a frequ\u00eancia das trocas de \u00f3leo e, acima de tudo, a produtividade e a perda de produ\u00e7\u00e3o!<\/p><p>O gerenciamento eficaz do \u00f3leo \u00e9 essencial.<br \/>Trocar o \u00f3leo e os filtros do sistema de tempos em tempos n\u00e3o \u00e9 garantia de \u00f3leo limpo.<\/p><p>Com o nosso PROGRAMA DE GERENCIAMENTO DE \u00d3LEO, n\u00f3s nos comprometemos com o \u00f3leo perfeitamente limpo e cont\u00ednuo, a 50% do seu custo real de \u00f3leo!<\/p>\t\t\t\t\t\t<\/div>\n\t\t\t\t<\/div>\n\t\t\t\t<\/div>\n\t\t<div class=\"elementor-element elementor-element-3c4da1e e-con-full e-flex e-con e-child\" data-id=\"3c4da1e\" data-element_type=\"container\" data-settings=\"{&quot;content_width&quot;:&quot;full&quot;,&quot;background_background&quot;:&quot;video&quot;,&quot;jet_parallax_layout_list&quot;:[],&quot;background_video_link&quot;:&quot;https:\\\/\\\/www.triple-rrr.com\\\/wp-content\\\/uploads\\\/2023\\\/10\\\/Moving-Oil-Triple-R.mp4&quot;,&quot;background_play_on_mobile&quot;:&quot;yes&quot;}\">\n\t\t<div class=\"elementor-background-video-container\">\n\t\t\t\t\t\t\t<video class=\"elementor-background-video-hosted elementor-html5-video\" autoplay muted playsinline loop><\/video>\n\t\t\t\t\t<\/div>\t\t<\/div>\n\t\t\t\t\t<\/div>\n\t\t\t\t<\/div>\n\t\t<div class=\"elementor-element elementor-element-2603dfe e-flex e-con-boxed e-con e-parent\" data-id=\"2603dfe\" data-element_type=\"container\" data-settings=\"{&quot;background_background&quot;:&quot;classic&quot;,&quot;jet_parallax_layout_list&quot;:[],&quot;content_width&quot;:&quot;boxed&quot;}\" data-core-v316-plus=\"true\">\n\t\t\t\t\t<div class=\"e-con-inner\">\n\t\t\t\t<div class=\"elementor-element elementor-element-7ceeca3 elementor-widget__width-initial elementor-widget elementor-widget-heading\" data-id=\"7ceeca3\" data-element_type=\"widget\" data-widget_type=\"heading.default\">\n\t\t\t\t<div class=\"elementor-widget-container\">\n\t\t\t<h2 class=\"elementor-heading-title elementor-size-default\">Programa de gerenciamento de \u00f3leo<\/h2>\t\t<\/div>\n\t\t\t\t<\/div>\n\t\t<div class=\"elementor-element elementor-element-d691c37 e-flex e-con-boxed e-con e-child\" data-id=\"d691c37\" data-element_type=\"container\" data-settings=\"{&quot;jet_parallax_layout_list&quot;:[],&quot;content_width&quot;:&quot;boxed&quot;}\">\n\t\t\t\t\t<div class=\"e-con-inner\">\n\t\t<div class=\"elementor-element elementor-element-e5df4f6 e-con-full e-flex e-con e-child\" data-id=\"e5df4f6\" data-element_type=\"container\" data-settings=\"{&quot;content_width&quot;:&quot;full&quot;,&quot;jet_parallax_layout_list&quot;:[]}\">\n\t\t\t\t<div class=\"elementor-element elementor-element-7087833 elementor-widget elementor-widget-heading\" data-id=\"7087833\" data-element_type=\"widget\" data-widget_type=\"heading.default\">\n\t\t\t\t<div class=\"elementor-widget-container\">\n\t\t\t<h3 class=\"elementor-heading-title elementor-size-default\"> \t\nDecis\u00f5es orientadas por dados<\/h3>\t\t<\/div>\n\t\t\t\t<\/div>\n\t\t\t\t<div class=\"elementor-element elementor-element-2cc654e elementor-widget elementor-widget-text-editor\" data-id=\"2cc654e\" data-element_type=\"widget\" data-widget_type=\"text-editor.default\">\n\t\t\t\t<div class=\"elementor-widget-container\">\n\t\t\t\t\t\t\t<p>Nosso especialista em filtragem coletar\u00e1 uma amostra de \u00f3leo antes e depois da limpeza. A solu\u00e7\u00e3o proposta garantir\u00e1 um \u00f3leo limpo.\u00a0<\/p>\t\t\t\t\t\t<\/div>\n\t\t\t\t<\/div>\n\t\t\t\t<div class=\"elementor-element elementor-element-17c6f3d elementor-widget elementor-widget-heading\" data-id=\"17c6f3d\" data-element_type=\"widget\" data-widget_type=\"heading.default\">\n\t\t\t\t<div class=\"elementor-widget-container\">\n\t\t\t<h3 class=\"elementor-heading-title elementor-size-default\">O gerenciamento de \u00f3leo \u00e9 50% mais barato do que trocar o \u00f3leo!<\/h3>\t\t<\/div>\n\t\t\t\t<\/div>\n\t\t\t\t<div class=\"elementor-element elementor-element-959ede4 elementor-widget elementor-widget-text-editor\" data-id=\"959ede4\" data-element_type=\"widget\" data-widget_type=\"text-editor.default\">\n\t\t\t\t<div class=\"elementor-widget-container\">\n\t\t\t\t\t\t\t<p>Ao realizar uma troca de \u00f3leo, voc\u00ea joga fora o \u00f3leo porque ele est\u00e1 sujo, n\u00e3o porque o \u00f3leo est\u00e1 ruim. Um Programa de Gerenciamento de \u00d3leo evita jogar fora o \u00f3leo sujo.<\/p>\t\t\t\t\t\t<\/div>\n\t\t\t\t<\/div>\n\t\t\t\t<div class=\"elementor-element elementor-element-b9ddb2b elementor-widget elementor-widget-heading\" data-id=\"b9ddb2b\" data-element_type=\"widget\" data-widget_type=\"heading.default\">\n\t\t\t\t<div class=\"elementor-widget-container\">\n\t\t\t<h3 class=\"elementor-heading-title elementor-size-default\">\t\nAumento da confiabilidade da m\u00e1quina<\/h3>\t\t<\/div>\n\t\t\t\t<\/div>\n\t\t\t\t<div class=\"elementor-element elementor-element-b269edc elementor-widget elementor-widget-text-editor\" data-id=\"b269edc\" data-element_type=\"widget\" data-widget_type=\"text-editor.default\">\n\t\t\t\t<div class=\"elementor-widget-container\">\n\t\t\t\t\t\t\t<p>Com as trocas regulares de \u00f3leo, part\u00edculas s\u00f3lidas, \u00e1gua e material de oxida\u00e7\u00e3o permanecem nas mangueiras e no reservat\u00f3rio do sistema. O \u00f3leo contaminado, mais cedo ou mais tarde, levar\u00e1 a quebras de m\u00e1quinas e perda de produ\u00e7\u00e3o. O Oil Oil Management Program limpar\u00e1 todo o sistema.<\/p>\t\t\t\t\t\t<\/div>\n\t\t\t\t<\/div>\n\t\t\t\t<\/div>\n\t\t<div class=\"elementor-element elementor-element-13a92e4 e-con-full e-flex e-con e-child\" data-id=\"13a92e4\" data-element_type=\"container\" data-settings=\"{&quot;content_width&quot;:&quot;full&quot;,&quot;jet_parallax_layout_list&quot;:[]}\">\n\t\t\t\t<div class=\"elementor-element elementor-element-b02944a elementor-widget elementor-widget-heading\" data-id=\"b02944a\" data-element_type=\"widget\" data-widget_type=\"heading.default\">\n\t\t\t\t<div class=\"elementor-widget-container\">\n\t\t\t<h3 class=\"elementor-heading-title elementor-size-default\">\t\nAumento da produ\u00e7\u00e3o<\/h3>\t\t<\/div>\n\t\t\t\t<\/div>\n\t\t\t\t<div class=\"elementor-element elementor-element-91e9e28 elementor-widget elementor-widget-text-editor\" data-id=\"91e9e28\" data-element_type=\"widget\" data-widget_type=\"text-editor.default\">\n\t\t\t\t<div class=\"elementor-widget-container\">\n\t\t\t\t\t\t\t<p>A limpeza do \u00f3leo ocorre enquanto seu maquin\u00e1rio continua funcionando. Nenhuma parada de m\u00e1quina para manuten\u00e7\u00e3o = aumento da produ\u00e7\u00e3o.<\/p>\t\t\t\t\t\t<\/div>\n\t\t\t\t<\/div>\n\t\t\t\t<div class=\"elementor-element elementor-element-1bc23f6 elementor-widget elementor-widget-heading\" data-id=\"1bc23f6\" data-element_type=\"widget\" data-widget_type=\"heading.default\">\n\t\t\t\t<div class=\"elementor-widget-container\">\n\t\t\t<h3 class=\"elementor-heading-title elementor-size-default\">Servindo ao nosso meio ambiente<\/h3>\t\t<\/div>\n\t\t\t\t<\/div>\n\t\t\t\t<div class=\"elementor-element elementor-element-8400545 elementor-widget elementor-widget-text-editor\" data-id=\"8400545\" data-element_type=\"widget\" data-widget_type=\"text-editor.default\">\n\t\t\t\t<div class=\"elementor-widget-container\">\n\t\t\t\t\t\t\t<p>Um Programa de Gerenciamento de \u00d3leo evita o desperd\u00edcio de seu precioso \u00f3leo. Isso contribui para o meio ambiente e ajuda voc\u00ea a economizar em seus custos de manuten\u00e7\u00e3o.<\/p>\t\t\t\t\t\t<\/div>\n\t\t\t\t<\/div>\n\t\t\t\t<div class=\"elementor-element elementor-element-cebdc43 elementor-widget elementor-widget-image\" data-id=\"cebdc43\" data-element_type=\"widget\" data-widget_type=\"image.default\">\n\t\t\t\t<div class=\"elementor-widget-container\">\n\t\t\t<style>\/*! elementor - v3.17.0 - 08-11-2023 *\/\n.elementor-widget-image{text-align:center}.elementor-widget-image a{display:inline-block}.elementor-widget-image a img[src$=\".svg\"]{width:48px}.elementor-widget-image img{vertical-align:middle;display:inline-block}<\/style>\t\t\t\t\t\t\t\t\t\t\t\t<img loading=\"lazy\" decoding=\"async\" width=\"800\" height=\"447\" src=\"https:\/\/www.triple-rrr.com\/wp-content\/uploads\/2023\/10\/Footprint-1.png\" class=\"attachment-large size-large wp-image-2683\" alt=\"\" srcset=\"https:\/\/www.triple-rrr.com\/wp-content\/uploads\/2023\/10\/Footprint-1.png 854w, https:\/\/www.triple-rrr.com\/wp-content\/uploads\/2023\/10\/Footprint-1-500x279.png 500w, https:\/\/www.triple-rrr.com\/wp-content\/uploads\/2023\/10\/Footprint-1-768x429.png 768w\" sizes=\"auto, (max-width: 800px) 100vw, 800px\" \/>\t\t\t\t\t\t\t\t\t\t\t\t\t\t\t<\/div>\n\t\t\t\t<\/div>\n\t\t\t\t<\/div>\n\t\t\t\t\t<\/div>\n\t\t\t\t<\/div>\n\t\t\t\t\t<\/div>\n\t\t\t\t<\/div>\n\t\t<div class=\"elementor-element elementor-element-06e43fc e-con-full e-flex e-con e-parent\" data-id=\"06e43fc\" data-element_type=\"container\" data-settings=\"{&quot;content_width&quot;:&quot;full&quot;,&quot;jet_parallax_layout_list&quot;:[]}\" data-core-v316-plus=\"true\">\n\t\t\t\t<div class=\"elementor-element elementor-element-6674215 elementor-widget elementor-widget-template\" data-id=\"6674215\" data-element_type=\"widget\" data-widget_type=\"template.default\">\n\t\t\t\t<div class=\"elementor-widget-container\">\n\t\t\t\t\t<div class=\"elementor-template\">\n\t\t\t\t\t<div data-elementor-type=\"section\" data-elementor-id=\"495\" class=\"elementor elementor-495\" data-elementor-post-type=\"elementor_library\">\n\t\t\t\t\t\t<div class=\"elementor-element elementor-element-f9c6ba7 e-flex e-con-boxed e-con e-parent\" data-id=\"f9c6ba7\" data-element_type=\"container\" data-settings=\"{&quot;background_background&quot;:&quot;classic&quot;,&quot;jet_parallax_layout_list&quot;:[],&quot;content_width&quot;:&quot;boxed&quot;}\" data-core-v316-plus=\"true\">\n\t\t\t\t\t<div class=\"e-con-inner\">\n\t\t\t\t<div class=\"elementor-element elementor-element-f23febe elementor-widget elementor-widget-heading\" data-id=\"f23febe\" data-element_type=\"widget\" data-widget_type=\"heading.default\">\n\t\t\t\t<div class=\"elementor-widget-container\">\n\t\t\t<h2 class=\"elementor-heading-title elementor-size-default\">Entre em contato conosco para obter solu\u00e7\u00f5es abrangentes<\/h2>\t\t<\/div>\n\t\t\t\t<\/div>\n\t\t\t\t<div class=\"elementor-element elementor-element-f27d57f elementor-widget elementor-widget-text-editor\" data-id=\"f27d57f\" data-element_type=\"widget\" data-widget_type=\"text-editor.default\">\n\t\t\t\t<div class=\"elementor-widget-container\">\n\t\t\t\t\t\t\t<p>Experimente nossas solu\u00e7\u00f5es de filtragem e limpeza de \u00f3leo de alto n\u00edvel, projetadas para atender \u00e0s suas necessidades espec\u00edficas. Nossa equipe dedicada est\u00e1 pronta para ajud\u00e1-lo com qualquer d\u00favida, suporte t\u00e9cnico ou agendamento de consultas.<\/p>\t\t\t\t\t\t<\/div>\n\t\t\t\t<\/div>\n\t\t<div class=\"elementor-element elementor-element-e41a51c e-flex e-con-boxed e-con e-child\" data-id=\"e41a51c\" data-element_type=\"container\" data-settings=\"{&quot;jet_parallax_layout_list&quot;:[],&quot;content_width&quot;:&quot;boxed&quot;}\">\n\t\t\t\t\t<div class=\"e-con-inner\">\n\t\t\t\t<div class=\"elementor-element elementor-element-836a652 elementor-widget__width-auto my-gradient-btn elementor-widget elementor-widget-button\" data-id=\"836a652\" data-element_type=\"widget\" data-widget_type=\"button.default\">\n\t\t\t\t<div class=\"elementor-widget-container\">\n\t\t\t\t\t<div class=\"elementor-button-wrapper\">\n\t\t\t<a class=\"elementor-button elementor-button-link elementor-size-sm\" href=\"https:\/\/www.triple-rrr.com\/pt\/contato\/\">\n\t\t\t\t\t\t<span class=\"elementor-button-content-wrapper\">\n\t\t\t\t\t\t<span class=\"elementor-button-text\">Entre em contato conosco<\/span>\n\t\t<\/span>\n\t\t\t\t\t<\/a>\n\t\t<\/div>\n\t\t\t\t<\/div>\n\t\t\t\t<\/div>\n\t\t\t\t\t<\/div>\n\t\t\t\t<\/div>\n\t\t\t\t\t<\/div>\n\t\t\t\t<\/div>\n\t\t\t\t\t\t<\/div>\n\t\t\t\t<\/div>\n\t\t\t\t<\/div>\n\t\t\t\t<\/div>\n\t\t\t\t<\/div>\n\t\t\t\t\t\t\t<\/div>","protected":false},"excerpt":{"rendered":"<p>Pare de substituir seu \u00f3leo Comece a limp\u00e1-lo O setor funciona com uma pel\u00edcula de \u00f3leo de menos de 10\u00b5. A pr\u00e1tica mostra que mais de 70% de todas as m\u00e1quinas hidr\u00e1ulicas est\u00e3o altamente contaminadas (&gt; NAS 9, &gt; ISO 21\/18\/16), mas a lubrifica\u00e7\u00e3o perfeita requer 100% de \u00f3leo limpo [...]<\/p>","protected":false},"author":3,"featured_media":0,"parent":0,"menu_order":0,"comment_status":"closed","ping_status":"closed","template":"","meta":{"_seopress_robots_primary_cat":"","footnotes":""},"class_list":["post-457","page","type-page","status-publish","hentry"],"_links":{"self":[{"href":"https:\/\/www.triple-rrr.com\/pt\/wp-json\/wp\/v2\/pages\/457","targetHints":{"allow":["GET"]}}],"collection":[{"href":"https:\/\/www.triple-rrr.com\/pt\/wp-json\/wp\/v2\/pages"}],"about":[{"href":"https:\/\/www.triple-rrr.com\/pt\/wp-json\/wp\/v2\/types\/page"}],"author":[{"embeddable":true,"href":"https:\/\/www.triple-rrr.com\/pt\/wp-json\/wp\/v2\/users\/3"}],"replies":[{"embeddable":true,"href":"https:\/\/www.triple-rrr.com\/pt\/wp-json\/wp\/v2\/comments?post=457"}],"version-history":[{"count":3,"href":"https:\/\/www.triple-rrr.com\/pt\/wp-json\/wp\/v2\/pages\/457\/revisions"}],"predecessor-version":[{"id":3600,"href":"https:\/\/www.triple-rrr.com\/pt\/wp-json\/wp\/v2\/pages\/457\/revisions\/3600"}],"wp:attachment":[{"href":"https:\/\/www.triple-rrr.com\/pt\/wp-json\/wp\/v2\/media?parent=457"}],"curies":[{"name":"wp","href":"https:\/\/api.w.org\/{rel}","templated":true}]}}