{"id":2008,"date":"2023-10-24T11:52:50","date_gmt":"2023-10-24T09:52:50","guid":{"rendered":"https:\/\/rrr.mailbox-marketing10.be\/?page_id=2008"},"modified":"2023-10-25T17:19:09","modified_gmt":"2023-10-25T15:19:09","slug":"sitemap","status":"publish","type":"page","link":"https:\/\/www.triple-rrr.com\/pt\/mapa-do-site\/","title":{"rendered":"Mapa do site"},"content":{"rendered":"<div data-elementor-type=\"wp-page\" data-elementor-id=\"2008\" class=\"elementor elementor-2008\" data-elementor-post-type=\"page\">\n\t\t\t\t\t\t\t<div class=\"elementor-element elementor-element-5907f36 e-flex e-con-boxed e-con e-parent\" data-id=\"5907f36\" data-element_type=\"container\" data-settings=\"{&quot;jet_parallax_layout_list&quot;:[],&quot;content_width&quot;:&quot;boxed&quot;}\" data-core-v316-plus=\"true\">\n\t\t\t\t\t<div class=\"e-con-inner\">\n\t\t\t\t<div class=\"elementor-element elementor-element-3185e9e elementor-widget elementor-widget-heading\" data-id=\"3185e9e\" data-element_type=\"widget\" data-widget_type=\"heading.default\">\n\t\t\t\t<div class=\"elementor-widget-container\">\n\t\t\t<style>\/*! elementor - v3.17.0 - 08-11-2023 *\/\n.elementor-heading-title{padding:0;margin:0;line-height:1}.elementor-widget-heading .elementor-heading-title[class*=elementor-size-]>a{color:inherit;font-size:inherit;line-height:inherit}.elementor-widget-heading .elementor-heading-title.elementor-size-small{font-size:15px}.elementor-widget-heading .elementor-heading-title.elementor-size-medium{font-size:19px}.elementor-widget-heading .elementor-heading-title.elementor-size-large{font-size:29px}.elementor-widget-heading .elementor-heading-title.elementor-size-xl{font-size:39px}.elementor-widget-heading .elementor-heading-title.elementor-size-xxl{font-size:59px}<\/style><h1 class=\"elementor-heading-title elementor-size-default\">Mapa do site<\/h1>\t\t<\/div>\n\t\t\t\t<\/div>\n\t\t\t\t<div class=\"elementor-element elementor-element-be54fc5 elementor-widget elementor-widget-sitemap\" data-id=\"be54fc5\" data-element_type=\"widget\" data-widget_type=\"sitemap.default\">\n\t\t\t\t<div class=\"elementor-widget-container\">\n\t\t\t<link rel=\"stylesheet\" href=\"https:\/\/triple-rrr.com\/wp-content\/plugins\/elementor-pro\/assets\/css\/widget-theme-elements.min.css\"><div class=\"elementor-sitemap-wrap\"><div class=\"elementor-sitemap-section\"><span class=\"elementor-sitemap-title elementor-sitemap-page-title\">P\u00e1ginas<\/span><ul class=\"elementor-sitemap-list elementor-sitemap-page-list\"><li class=\"elementor-sitemap-item elementor-sitemap-item-page page_item page-item-98\"><a href=\"https:\/\/www.triple-rrr.com\/pt\/tecnologia\/\">Tribologia<\/a><\/li><li class=\"elementor-sitemap-item elementor-sitemap-item-page page_item page-item-457\"><a href=\"https:\/\/www.triple-rrr.com\/pt\/gerenciamento-total-de-oleo\/\">Gerenciamento total do petr\u00f3leo<\/a><\/li><li class=\"elementor-sitemap-item elementor-sitemap-item-page page_item page-item-84\"><a href=\"https:\/\/www.triple-rrr.com\/pt\/lucratividade\/\">Lucratividade<\/a><\/li><li class=\"elementor-sitemap-item elementor-sitemap-item-page page_item page-item-82\"><a href=\"https:\/\/www.triple-rrr.com\/pt\/produtos\/\">Produtos<\/a><\/li><li class=\"elementor-sitemap-item elementor-sitemap-item-page page_item page-item-92\"><a href=\"https:\/\/www.triple-rrr.com\/pt\/privacidade\/\">Privacidade<\/a><\/li><li class=\"elementor-sitemap-item elementor-sitemap-item-page page_item page-item-7\"><a href=\"https:\/\/www.triple-rrr.com\/pt\/\">In\u00edcio<\/a><\/li><li class=\"elementor-sitemap-item elementor-sitemap-item-page page_item page-item-86\"><a href=\"https:\/\/www.triple-rrr.com\/pt\/contato\/\">Contato<\/a><\/li><li class=\"elementor-sitemap-item elementor-sitemap-item-page page_item page-item-4011\"><a href=\"https:\/\/www.triple-rrr.com\/pt\/cmi-review-2\/\">CMI Review<\/a><\/li><li class=\"elementor-sitemap-item elementor-sitemap-item-page page_item page-item-455\"><a href=\"https:\/\/www.triple-rrr.com\/pt\/calculadora\/\">Calculadora<\/a><\/li><li class=\"elementor-sitemap-item elementor-sitemap-item-page page_item page-item-88\"><a href=\"https:\/\/www.triple-rrr.com\/pt\/aplicativos\/\">Aplicativos<\/a><\/li><li class=\"elementor-sitemap-item elementor-sitemap-item-page page_item page-item-90\"><a href=\"https:\/\/www.triple-rrr.com\/pt\/sobre-nos\/\">Sobre n\u00f3s<\/a><\/li><\/ul><\/div><div class=\"elementor-sitemap-section\"><span class=\"elementor-sitemap-title elementor-sitemap-product-title\">Produtos<\/span><ul class=\"elementor-sitemap-list elementor-sitemap-product-list\"><li class=\"elementor-sitemap-item elementor-sitemap-item-product page_item page-item-514\"><a href=\"https:\/\/www.triple-rrr.com\/pt\/product\/insertos-de-filtro\/\">Insertos de filtro<\/a><\/li><li class=\"elementor-sitemap-item elementor-sitemap-item-product page_item page-item-515\"><a href=\"https:\/\/www.triple-rrr.com\/pt\/product\/serie-bu\/\">S\u00e9rie BU<\/a><\/li><li class=\"elementor-sitemap-item elementor-sitemap-item-product page_item page-item-516\"><a href=\"https:\/\/www.triple-rrr.com\/pt\/product\/serie-se\/\">S\u00e9rie SE<\/a><\/li><li class=\"elementor-sitemap-item elementor-sitemap-item-product page_item page-item-518\"><a href=\"https:\/\/www.triple-rrr.com\/pt\/product\/serie-tr\/\">S\u00e9rie TR<\/a><\/li><li class=\"elementor-sitemap-item elementor-sitemap-item-product page_item page-item-520\"><a href=\"https:\/\/www.triple-rrr.com\/pt\/product\/serie-osca\/\">S\u00e9rie OSCA<\/a><\/li><li class=\"elementor-sitemap-item elementor-sitemap-item-product page_item page-item-521\"><a href=\"https:\/\/www.triple-rrr.com\/pt\/product\/serie-ws\/\">S\u00e9rie WS<\/a><\/li><li class=\"elementor-sitemap-item elementor-sitemap-item-product page_item page-item-522\"><a href=\"https:\/\/www.triple-rrr.com\/pt\/product\/quicktoron\/\">Quicktoron<\/a><\/li><li class=\"elementor-sitemap-item elementor-sitemap-item-product page_item page-item-519\"><a href=\"https:\/\/www.triple-rrr.com\/pt\/product\/serie-ss\/\">S\u00e9rie SS<\/a><\/li><li class=\"elementor-sitemap-item elementor-sitemap-item-product page_item page-item-1059\"><a href=\"https:\/\/www.triple-rrr.com\/pt\/product\/desidratador-a-vacuo\/\">Desidratador a v\u00e1cuo<\/a><\/li><li class=\"elementor-sitemap-item elementor-sitemap-item-product page_item page-item-1057\"><a href=\"https:\/\/www.triple-rrr.com\/pt\/product\/centrifugas\/\">Centr\u00edfugas<\/a><\/li><\/ul><\/div><div class=\"elementor-sitemap-section\"><span class=\"elementor-sitemap-title elementor-sitemap-application-title\">Aplicativos<\/span><ul class=\"elementor-sitemap-list elementor-sitemap-application-list\"><li class=\"elementor-sitemap-item elementor-sitemap-item-application page_item page-item-1018\"><a href=\"https:\/\/www.triple-rrr.com\/pt\/application\/aviacao\/\">Avia\u00e7\u00e3o<\/a><\/li><li class=\"elementor-sitemap-item elementor-sitemap-item-application page_item page-item-924\"><a href=\"https:\/\/www.triple-rrr.com\/pt\/application\/fabricantes-de-automoveis\/\">Fabricantes de autom\u00f3veis<\/a><\/li><li class=\"elementor-sitemap-item elementor-sitemap-item-application page_item page-item-1015\"><a href=\"https:\/\/www.triple-rrr.com\/pt\/application\/maquinario-de-construcao\/\">M\u00e1quinas de constru\u00e7\u00e3o<\/a><\/li><li class=\"elementor-sitemap-item elementor-sitemap-item-application page_item page-item-1019\"><a href=\"https:\/\/www.triple-rrr.com\/pt\/application\/energia\/\">Energia<\/a><\/li><li class=\"elementor-sitemap-item elementor-sitemap-item-application page_item page-item-920\"><a href=\"https:\/\/www.triple-rrr.com\/pt\/application\/sistemas-hidraulicos\/\">Sistemas hidr\u00e1ulicos<\/a><\/li><li class=\"elementor-sitemap-item elementor-sitemap-item-application page_item page-item-1021\"><a href=\"https:\/\/www.triple-rrr.com\/pt\/application\/marinha\/\">Marinha<\/a><\/li><li class=\"elementor-sitemap-item elementor-sitemap-item-application page_item page-item-929\"><a href=\"https:\/\/www.triple-rrr.com\/pt\/application\/industria-de-papel\/\">Setor de papel<\/a><\/li><li class=\"elementor-sitemap-item elementor-sitemap-item-application page_item page-item-1022\"><a href=\"https:\/\/www.triple-rrr.com\/pt\/application\/petroquimica\/\">Petroqu\u00edmico<\/a><\/li><li class=\"elementor-sitemap-item elementor-sitemap-item-application page_item page-item-1016\"><a href=\"https:\/\/www.triple-rrr.com\/pt\/application\/ferrovia\/\">Ferrovia<\/a><\/li><li class=\"elementor-sitemap-item elementor-sitemap-item-application page_item page-item-928\"><a href=\"https:\/\/www.triple-rrr.com\/pt\/application\/ferro-aco\/\">A\u00e7o e ferro<\/a><\/li><li class=\"elementor-sitemap-item elementor-sitemap-item-application page_item page-item-1017\"><a href=\"https:\/\/www.triple-rrr.com\/pt\/application\/transporte\/\">Transporte<\/a><\/li><li class=\"elementor-sitemap-item elementor-sitemap-item-application page_item page-item-1020\"><a href=\"https:\/\/www.triple-rrr.com\/pt\/application\/energia-eolica\/\">Energia e\u00f3lica<\/a><\/li><\/ul><\/div><div class=\"elementor-sitemap-section\"><span class=\"elementor-sitemap-title elementor-sitemap-tribology-title\">Tribologia<\/span><ul class=\"elementor-sitemap-list elementor-sitemap-tribology-list\"><li class=\"elementor-sitemap-item elementor-sitemap-item-tribology page_item page-item-766\"><a href=\"https:\/\/www.triple-rrr.com\/pt\/tribology\/bolhas-de-ar\/\">Bolhas de ar<\/a><\/li><li class=\"elementor-sitemap-item elementor-sitemap-item-tribology page_item page-item-523\"><a href=\"https:\/\/www.triple-rrr.com\/pt\/tribology\/limpeza-do-oleo-de-bypass\/\">Limpeza do \u00f3leo de desvio<\/a><\/li><li class=\"elementor-sitemap-item elementor-sitemap-item-tribology page_item page-item-524\"><a href=\"https:\/\/www.triple-rrr.com\/pt\/tribology\/limpeza-garantida\/\">Limpeza garantida<\/a><\/li><li class=\"elementor-sitemap-item elementor-sitemap-item-tribology page_item page-item-525\"><a href=\"https:\/\/www.triple-rrr.com\/pt\/tribology\/analise-de-oleo\/\">An\u00e1lise de \u00f3leo<\/a><\/li><li class=\"elementor-sitemap-item elementor-sitemap-item-tribology page_item page-item-526\"><a href=\"https:\/\/www.triple-rrr.com\/pt\/tribology\/particulas-solidas\/\">Part\u00edculas s\u00f3lidas<\/a><\/li><li class=\"elementor-sitemap-item elementor-sitemap-item-tribology page_item page-item-528\"><a href=\"https:\/\/www.triple-rrr.com\/pt\/tribology\/verniz\/\">Verniz<\/a><\/li><li class=\"elementor-sitemap-item elementor-sitemap-item-tribology page_item page-item-527\"><a href=\"https:\/\/www.triple-rrr.com\/pt\/tribology\/agua\/\">\u00c1gua<\/a><\/li><\/ul><\/div><\/div>\t\t<\/div>\n\t\t\t\t<\/div>\n\t\t\t\t\t<\/div>\n\t\t\t\t<\/div>\n\t\t<div class=\"elementor-element elementor-element-38f3c4a e-con-full e-flex e-con e-parent\" data-id=\"38f3c4a\" data-element_type=\"container\" data-settings=\"{&quot;content_width&quot;:&quot;full&quot;,&quot;jet_parallax_layout_list&quot;:[]}\" data-core-v316-plus=\"true\">\n\t\t\t\t<div class=\"elementor-element elementor-element-d426dee elementor-widget elementor-widget-template\" data-id=\"d426dee\" data-element_type=\"widget\" data-widget_type=\"template.default\">\n\t\t\t\t<div class=\"elementor-widget-container\">\n\t\t\t\t\t<div class=\"elementor-template\">\n\t\t\t\t\t<div data-elementor-type=\"section\" data-elementor-id=\"495\" class=\"elementor elementor-495\" data-elementor-post-type=\"elementor_library\">\n\t\t\t\t\t\t<div class=\"elementor-element elementor-element-f9c6ba7 e-flex e-con-boxed e-con e-parent\" data-id=\"f9c6ba7\" data-element_type=\"container\" data-settings=\"{&quot;background_background&quot;:&quot;classic&quot;,&quot;jet_parallax_layout_list&quot;:[],&quot;content_width&quot;:&quot;boxed&quot;}\" data-core-v316-plus=\"true\">\n\t\t\t\t\t<div class=\"e-con-inner\">\n\t\t\t\t<div class=\"elementor-element elementor-element-f23febe elementor-widget elementor-widget-heading\" data-id=\"f23febe\" data-element_type=\"widget\" data-widget_type=\"heading.default\">\n\t\t\t\t<div class=\"elementor-widget-container\">\n\t\t\t<h2 class=\"elementor-heading-title elementor-size-default\">Entre em contato conosco para obter solu\u00e7\u00f5es abrangentes<\/h2>\t\t<\/div>\n\t\t\t\t<\/div>\n\t\t\t\t<div class=\"elementor-element elementor-element-f27d57f elementor-widget elementor-widget-text-editor\" data-id=\"f27d57f\" data-element_type=\"widget\" data-widget_type=\"text-editor.default\">\n\t\t\t\t<div class=\"elementor-widget-container\">\n\t\t\t<style>\/*! elementor - v3.17.0 - 08-11-2023 *\/\n.elementor-widget-text-editor.elementor-drop-cap-view-stacked .elementor-drop-cap{background-color:#69727d;color:#fff}.elementor-widget-text-editor.elementor-drop-cap-view-framed .elementor-drop-cap{color:#69727d;border:3px solid;background-color:transparent}.elementor-widget-text-editor:not(.elementor-drop-cap-view-default) .elementor-drop-cap{margin-top:8px}.elementor-widget-text-editor:not(.elementor-drop-cap-view-default) .elementor-drop-cap-letter{width:1em;height:1em}.elementor-widget-text-editor .elementor-drop-cap{float:left;text-align:center;line-height:1;font-size:50px}.elementor-widget-text-editor .elementor-drop-cap-letter{display:inline-block}<\/style>\t\t\t\t<p>Experimente nossas solu\u00e7\u00f5es de filtragem e limpeza de \u00f3leo de alto n\u00edvel, projetadas para atender \u00e0s suas necessidades espec\u00edficas. Nossa equipe dedicada est\u00e1 pronta para ajud\u00e1-lo com qualquer d\u00favida, suporte t\u00e9cnico ou agendamento de consultas.<\/p>\t\t\t\t\t\t<\/div>\n\t\t\t\t<\/div>\n\t\t<div class=\"elementor-element elementor-element-e41a51c e-flex e-con-boxed e-con e-child\" data-id=\"e41a51c\" data-element_type=\"container\" data-settings=\"{&quot;jet_parallax_layout_list&quot;:[],&quot;content_width&quot;:&quot;boxed&quot;}\">\n\t\t\t\t\t<div class=\"e-con-inner\">\n\t\t\t\t<div class=\"elementor-element elementor-element-836a652 elementor-widget__width-auto my-gradient-btn elementor-widget elementor-widget-button\" data-id=\"836a652\" data-element_type=\"widget\" data-widget_type=\"button.default\">\n\t\t\t\t<div class=\"elementor-widget-container\">\n\t\t\t\t\t<div class=\"elementor-button-wrapper\">\n\t\t\t<a class=\"elementor-button elementor-button-link elementor-size-sm\" href=\"https:\/\/www.triple-rrr.com\/pt\/contato\/\">\n\t\t\t\t\t\t<span class=\"elementor-button-content-wrapper\">\n\t\t\t\t\t\t<span class=\"elementor-button-text\">Entre em contato conosco<\/span>\n\t\t<\/span>\n\t\t\t\t\t<\/a>\n\t\t<\/div>\n\t\t\t\t<\/div>\n\t\t\t\t<\/div>\n\t\t\t\t\t<\/div>\n\t\t\t\t<\/div>\n\t\t\t\t\t<\/div>\n\t\t\t\t<\/div>\n\t\t\t\t\t\t<\/div>\n\t\t\t\t<\/div>\n\t\t\t\t<\/div>\n\t\t\t\t<\/div>\n\t\t\t\t<\/div>\n\t\t\t\t\t\t\t<\/div>","protected":false},"excerpt":{"rendered":"<p>Mapa do site<\/p>","protected":false},"author":3,"featured_media":0,"parent":0,"menu_order":0,"comment_status":"closed","ping_status":"closed","template":"","meta":{"_seopress_robots_primary_cat":"","footnotes":""},"class_list":["post-2008","page","type-page","status-publish","hentry"],"_links":{"self":[{"href":"https:\/\/www.triple-rrr.com\/pt\/wp-json\/wp\/v2\/pages\/2008","targetHints":{"allow":["GET"]}}],"collection":[{"href":"https:\/\/www.triple-rrr.com\/pt\/wp-json\/wp\/v2\/pages"}],"about":[{"href":"https:\/\/www.triple-rrr.com\/pt\/wp-json\/wp\/v2\/types\/page"}],"author":[{"embeddable":true,"href":"https:\/\/www.triple-rrr.com\/pt\/wp-json\/wp\/v2\/users\/3"}],"replies":[{"embeddable":true,"href":"https:\/\/www.triple-rrr.com\/pt\/wp-json\/wp\/v2\/comments?post=2008"}],"version-history":[{"count":3,"href":"https:\/\/www.triple-rrr.com\/pt\/wp-json\/wp\/v2\/pages\/2008\/revisions"}],"predecessor-version":[{"id":2950,"href":"https:\/\/www.triple-rrr.com\/pt\/wp-json\/wp\/v2\/pages\/2008\/revisions\/2950"}],"wp:attachment":[{"href":"https:\/\/www.triple-rrr.com\/pt\/wp-json\/wp\/v2\/media?parent=2008"}],"curies":[{"name":"wp","href":"https:\/\/api.w.org\/{rel}","templated":true}]}}