{"id":92,"date":"2023-10-12T14:03:15","date_gmt":"2023-10-12T12:03:15","guid":{"rendered":"https:\/\/rrr.mailbox-marketing10.be\/?page_id=92"},"modified":"2023-10-24T11:57:03","modified_gmt":"2023-10-24T09:57:03","slug":"privacy","status":"publish","type":"page","link":"https:\/\/www.triple-rrr.com\/es\/privacidad\/","title":{"rendered":"Privacidad"},"content":{"rendered":"<div data-elementor-type=\"wp-page\" data-elementor-id=\"92\" class=\"elementor elementor-92\" data-elementor-post-type=\"page\">\n\t\t\t\t\t\t\t<div class=\"elementor-element elementor-element-df66bb6 e-flex e-con-boxed e-con e-parent\" data-id=\"df66bb6\" data-element_type=\"container\" data-settings=\"{&quot;jet_parallax_layout_list&quot;:[],&quot;content_width&quot;:&quot;boxed&quot;}\" data-core-v316-plus=\"true\">\n\t\t\t\t\t<div class=\"e-con-inner\">\n\t\t\t\t<div class=\"elementor-element elementor-element-c8beff7 elementor-widget elementor-widget-heading\" data-id=\"c8beff7\" data-element_type=\"widget\" data-widget_type=\"heading.default\">\n\t\t\t\t<div class=\"elementor-widget-container\">\n\t\t\t<style>\/*! elementor - v3.17.0 - 08-11-2023 *\/\n.elementor-heading-title{padding:0;margin:0;line-height:1}.elementor-widget-heading .elementor-heading-title[class*=elementor-size-]>a{color:inherit;font-size:inherit;line-height:inherit}.elementor-widget-heading .elementor-heading-title.elementor-size-small{font-size:15px}.elementor-widget-heading .elementor-heading-title.elementor-size-medium{font-size:19px}.elementor-widget-heading .elementor-heading-title.elementor-size-large{font-size:29px}.elementor-widget-heading .elementor-heading-title.elementor-size-xl{font-size:39px}.elementor-widget-heading .elementor-heading-title.elementor-size-xxl{font-size:59px}<\/style><h1 class=\"elementor-heading-title elementor-size-default\">Privacidad<\/h1>\t\t<\/div>\n\t\t\t\t<\/div>\n\t\t\t\t<div class=\"elementor-element elementor-element-9600af9 elementor-widget elementor-widget-heading\" data-id=\"9600af9\" data-element_type=\"widget\" data-widget_type=\"heading.default\">\n\t\t\t\t<div class=\"elementor-widget-container\">\n\t\t\t<h2 class=\"elementor-heading-title elementor-size-default\">Nuestra pol\u00edtica GDPR<\/h2>\t\t<\/div>\n\t\t\t\t<\/div>\n\t\t\t\t<div class=\"elementor-element elementor-element-7e19188 elementor-widget elementor-widget-text-editor\" data-id=\"7e19188\" data-element_type=\"widget\" data-widget_type=\"text-editor.default\">\n\t\t\t\t<div class=\"elementor-widget-container\">\n\t\t\t<style>\/*! elementor - v3.17.0 - 08-11-2023 *\/\n.elementor-widget-text-editor.elementor-drop-cap-view-stacked .elementor-drop-cap{background-color:#69727d;color:#fff}.elementor-widget-text-editor.elementor-drop-cap-view-framed .elementor-drop-cap{color:#69727d;border:3px solid;background-color:transparent}.elementor-widget-text-editor:not(.elementor-drop-cap-view-default) .elementor-drop-cap{margin-top:8px}.elementor-widget-text-editor:not(.elementor-drop-cap-view-default) .elementor-drop-cap-letter{width:1em;height:1em}.elementor-widget-text-editor .elementor-drop-cap{float:left;text-align:center;line-height:1;font-size:50px}.elementor-widget-text-editor .elementor-drop-cap-letter{display:inline-block}<\/style>\t\t\t\t<p>Como parte de nuestras actividades, registramos y utilizamos informaci\u00f3n sobre usted (datos personales generales) en relaci\u00f3n con su interacci\u00f3n con nosotros como persona vinculada a uno de nuestros clientes\/proveedores existentes o potenciales.<\/p><p>Por lo tanto, TRIPLE R EUROPE es \"controlador\" de sus datos personales, es decir, responsable. Todo contacto con la empresa debe realizarse a trav\u00e9s de la informaci\u00f3n de contacto indicada en Informaci\u00f3n de contacto.<\/p>\t\t\t\t\t\t<\/div>\n\t\t\t\t<\/div>\n\t\t\t\t<div class=\"elementor-element elementor-element-4e12d64 elementor-widget elementor-widget-heading\" data-id=\"4e12d64\" data-element_type=\"widget\" data-widget_type=\"heading.default\">\n\t\t\t\t<div class=\"elementor-widget-container\">\n\t\t\t<h3 class=\"elementor-heading-title elementor-size-default\">\u00bfQu\u00e9 datos personales recogemos y con qu\u00e9 fin?<\/h3>\t\t<\/div>\n\t\t\t\t<\/div>\n\t\t\t\t<div class=\"elementor-element elementor-element-057e347 elementor-widget elementor-widget-text-editor\" data-id=\"057e347\" data-element_type=\"widget\" data-widget_type=\"text-editor.default\">\n\t\t\t\t<div class=\"elementor-widget-container\">\n\t\t\t\t\t\t\t<p>Cuando visita nuestro sitio web, recopilamos autom\u00e1ticamente datos sobre usted; por ejemplo, el tipo de navegador que utiliza, los t\u00e9rminos de b\u00fasqueda que emplea en el sitio web, su direcci\u00f3n IP e informaci\u00f3n sobre su ordenador. Esto se hace para optimizar la conversi\u00f3n, mejorar el sitio web y llevar a cabo marketing espec\u00edfico.<\/p><p>Al suscribirse a nuestro bolet\u00edn, da su consentimiento expl\u00edcito para que recopilemos informaci\u00f3n sobre usted, como su nombre, direcci\u00f3n, direcci\u00f3n de correo electr\u00f3nico, n\u00famero de tel\u00e9fono e informaci\u00f3n sobre lo que ha comprado y devuelto.<\/p><p>Cuando usted intercambia informaci\u00f3n de contacto (electr\u00f3nicamente o en papel) con uno de los empleados de TRIPLE R EUROPE, almacenamos esta informaci\u00f3n con el fin de poder ponernos en contacto con usted.<\/p><p>Utilizamos la informaci\u00f3n que recopilamos cuando se suscribe al bolet\u00edn de noticias con fines administrativos y para enviarle ofertas especiales y marketing directo, informarle sobre nuestros productos y nuevos art\u00edculos o servicios y enviarle otras noticias e informaci\u00f3n para las \u00e1reas en las que nos ha dado permiso espec\u00edfico para hacerlo.<\/p>\t\t\t\t\t\t<\/div>\n\t\t\t\t<\/div>\n\t\t\t\t<div class=\"elementor-element elementor-element-612957c elementor-widget elementor-widget-heading\" data-id=\"612957c\" data-element_type=\"widget\" data-widget_type=\"heading.default\">\n\t\t\t\t<div class=\"elementor-widget-container\">\n\t\t\t<h3 class=\"elementor-heading-title elementor-size-default\">\u00bfEn qu\u00e9 se basa la recogida de datos?<\/h3>\t\t<\/div>\n\t\t\t\t<\/div>\n\t\t\t\t<div class=\"elementor-element elementor-element-eba2c57 elementor-widget elementor-widget-text-editor\" data-id=\"eba2c57\" data-element_type=\"widget\" data-widget_type=\"text-editor.default\">\n\t\t\t\t<div class=\"elementor-widget-container\">\n\t\t\t\t\t\t\t<p>La recogida de datos es necesaria para salvaguardar nuestros intereses en la mejora de las funciones y el sitio web, la construcci\u00f3n del sitio web y el env\u00edo de ofertas relevantes.<\/p><p>Utilizamos su direcci\u00f3n IP \u00fanicamente para determinar su ubicaci\u00f3n geogr\u00e1fica y s\u00f3lo si hemos recibido su permiso espec\u00edfico para hacerlo.<\/p><p>La recogida de datos es necesaria para que podamos llevar a cabo nuestras actividades comerciales con usted.<\/p>\t\t\t\t\t\t<\/div>\n\t\t\t\t<\/div>\n\t\t\t\t<div class=\"elementor-element elementor-element-34923c3 elementor-widget elementor-widget-heading\" data-id=\"34923c3\" data-element_type=\"widget\" data-widget_type=\"heading.default\">\n\t\t\t\t<div class=\"elementor-widget-container\">\n\t\t\t<h3 class=\"elementor-heading-title elementor-size-default\">Uso de procesadores de datos<\/h3>\t\t<\/div>\n\t\t\t\t<\/div>\n\t\t\t\t<div class=\"elementor-element elementor-element-c1c679a elementor-widget elementor-widget-text-editor\" data-id=\"c1c679a\" data-element_type=\"widget\" data-widget_type=\"text-editor.default\">\n\t\t\t\t<div class=\"elementor-widget-container\">\n\t\t\t\t\t\t\t<p>Recurrimos a empresas externas para servicios que incluyen el funcionamiento t\u00e9cnico del sitio web. Por ejemplo, nuestro proveedor nos ayuda a llevar a cabo actividades de marketing selectivo, que incluyen la reorientaci\u00f3n, la mejora del sitio web y la recopilaci\u00f3n de sus comentarios sobre nuestros productos y servicios. Estas empresas pertenecen a la categor\u00eda de procesadores de datos que reciben nuestras instrucciones. Tratan los datos de los que somos responsables. Los procesadores de datos no deben utilizar los datos para fines distintos de la ejecuci\u00f3n del acuerdo con nosotros y est\u00e1n sujetos a un acuerdo de confidencialidad a este respecto.<\/p>\t\t\t\t\t\t<\/div>\n\t\t\t\t<\/div>\n\t\t\t\t<div class=\"elementor-element elementor-element-5394cf9 elementor-widget elementor-widget-heading\" data-id=\"5394cf9\" data-element_type=\"widget\" data-widget_type=\"heading.default\">\n\t\t\t\t<div class=\"elementor-widget-container\">\n\t\t\t<h3 class=\"elementor-heading-title elementor-size-default\">Uso de cookies<\/h3>\t\t<\/div>\n\t\t\t\t<\/div>\n\t\t\t\t<div class=\"elementor-element elementor-element-c372a5a elementor-widget elementor-widget-text-editor\" data-id=\"c372a5a\" data-element_type=\"widget\" data-widget_type=\"text-editor.default\">\n\t\t\t\t<div class=\"elementor-widget-container\">\n\t\t\t\t\t\t\t<p>TRIPLE R EUROPE utiliza cookies cuando ofrece estos servicios. Se trata de un peque\u00f1o y sencillo archivo de contenido que se instala en el disco duro de su ordenador o en la sesi\u00f3n de su navegador. La cookie de sesi\u00f3n no contiene datos personales y s\u00f3lo sirve para facilitarle el uso de nuestra p\u00e1gina web. En caso de que desactive en su navegador el uso de cookies, seguir\u00e1 teniendo acceso a la mayor\u00eda de las partes del sitio web.<\/p>\t\t\t\t\t\t<\/div>\n\t\t\t\t<\/div>\n\t\t\t\t<div class=\"elementor-element elementor-element-b5000a2 elementor-widget elementor-widget-heading\" data-id=\"b5000a2\" data-element_type=\"widget\" data-widget_type=\"heading.default\">\n\t\t\t\t<div class=\"elementor-widget-container\">\n\t\t\t<h3 class=\"elementor-heading-title elementor-size-default\">Seguridad<\/h3>\t\t<\/div>\n\t\t\t\t<\/div>\n\t\t\t\t<div class=\"elementor-element elementor-element-638b256 elementor-widget elementor-widget-text-editor\" data-id=\"638b256\" data-element_type=\"widget\" data-widget_type=\"text-editor.default\">\n\t\t\t\t<div class=\"elementor-widget-container\">\n\t\t\t\t\t\t\t<p>Hemos llevado a cabo las medidas de seguridad t\u00e9cnicas y organizativas apropiadas para garantizar que los datos personales no se destruyan, pierdan, modifiquen o reduzcan de forma accidental o ilegal y para garantizar que no caigan en manos de personas no autorizadas, ni se haga un uso indebido de ellos.<\/p><p>S\u00f3lo tienen acceso a sus datos personales los empleados que tienen una necesidad real de acceder a ellos para realizar su trabajo.<\/p>\t\t\t\t\t\t<\/div>\n\t\t\t\t<\/div>\n\t\t\t\t<div class=\"elementor-element elementor-element-63d73dc elementor-widget elementor-widget-heading\" data-id=\"63d73dc\" data-element_type=\"widget\" data-widget_type=\"heading.default\">\n\t\t\t\t<div class=\"elementor-widget-container\">\n\t\t\t<h3 class=\"elementor-heading-title elementor-size-default\">No se venden sus datos<\/h3>\t\t<\/div>\n\t\t\t\t<\/div>\n\t\t\t\t<div class=\"elementor-element elementor-element-d2bbe1d elementor-widget elementor-widget-text-editor\" data-id=\"d2bbe1d\" data-element_type=\"widget\" data-widget_type=\"text-editor.default\">\n\t\t\t\t<div class=\"elementor-widget-container\">\n\t\t\t\t\t\t\t<p>TRIPLE R EUROPE no vender\u00e1 sus datos personales de comportamiento en la web a terceros. Nuestros colaboradores y subcontratistas est\u00e1n obligados a tratar de forma confidencial los datos de su visita a la web.<\/p>\t\t\t\t\t\t<\/div>\n\t\t\t\t<\/div>\n\t\t\t\t<div class=\"elementor-element elementor-element-14a7ce6 elementor-widget elementor-widget-heading\" data-id=\"14a7ce6\" data-element_type=\"widget\" data-widget_type=\"heading.default\">\n\t\t\t\t<div class=\"elementor-widget-container\">\n\t\t\t<h3 class=\"elementor-heading-title elementor-size-default\">Otros sitios enlazados<\/h3>\t\t<\/div>\n\t\t\t\t<\/div>\n\t\t\t\t<div class=\"elementor-element elementor-element-5af554d elementor-widget elementor-widget-text-editor\" data-id=\"5af554d\" data-element_type=\"widget\" data-widget_type=\"text-editor.default\">\n\t\t\t\t<div class=\"elementor-widget-container\">\n\t\t\t\t\t\t\t<p>Es posible que en nuestro sitio web encuentre tambi\u00e9n enlaces a otros sitios web. TRIPLE R EUROPE no se responsabiliza en ning\u00fan momento del tratamiento que dichas partes puedan hacer de sus datos. Aseg\u00farese de leer tambi\u00e9n la declaraci\u00f3n de privacidad del sitio visitado cuando exista.<\/p>\t\t\t\t\t\t<\/div>\n\t\t\t\t<\/div>\n\t\t\t\t<div class=\"elementor-element elementor-element-eeac750 elementor-widget elementor-widget-heading\" data-id=\"eeac750\" data-element_type=\"widget\" data-widget_type=\"heading.default\">\n\t\t\t\t<div class=\"elementor-widget-container\">\n\t\t\t<h3 class=\"elementor-heading-title elementor-size-default\">Cambios<\/h3>\t\t<\/div>\n\t\t\t\t<\/div>\n\t\t\t\t<div class=\"elementor-element elementor-element-370c386 elementor-widget elementor-widget-text-editor\" data-id=\"370c386\" data-element_type=\"widget\" data-widget_type=\"text-editor.default\">\n\t\t\t\t<div class=\"elementor-widget-container\">\n\t\t\t\t\t\t\t<p>TRIPLE R EUROPE se reserva el derecho a modificar en cualquier momento su declaraci\u00f3n de privacidad. Aseg\u00farese de consultar peri\u00f3dicamente la declaraci\u00f3n de privacidad para mantenerse informado sobre la pol\u00edtica de privacidad de TRIPLE R EUROPE.<\/p>\t\t\t\t\t\t<\/div>\n\t\t\t\t<\/div>\n\t\t\t\t<div class=\"elementor-element elementor-element-9708c5c elementor-widget elementor-widget-heading\" data-id=\"9708c5c\" data-element_type=\"widget\" data-widget_type=\"heading.default\">\n\t\t\t\t<div class=\"elementor-widget-container\">\n\t\t\t<h3 class=\"elementor-heading-title elementor-size-default\">Supresi\u00f3n de datos personales<\/h3>\t\t<\/div>\n\t\t\t\t<\/div>\n\t\t\t\t<div class=\"elementor-element elementor-element-ad83bb6 elementor-widget elementor-widget-text-editor\" data-id=\"ad83bb6\" data-element_type=\"widget\" data-widget_type=\"text-editor.default\">\n\t\t\t\t<div class=\"elementor-widget-container\">\n\t\t\t\t\t\t\t<p>Los datos que hayamos recopilado en relaci\u00f3n con su consentimiento para recibir marketing por correo electr\u00f3nico y postal se eliminar\u00e1n si retira su consentimiento, a menos que tengamos derecho a seguir proces\u00e1ndolos.<\/p>\t\t\t\t\t\t<\/div>\n\t\t\t\t<\/div>\n\t\t\t\t<div class=\"elementor-element elementor-element-a1c570b elementor-widget elementor-widget-heading\" data-id=\"a1c570b\" data-element_type=\"widget\" data-widget_type=\"heading.default\">\n\t\t\t\t<div class=\"elementor-widget-container\">\n\t\t\t<h3 class=\"elementor-heading-title elementor-size-default\">Informaci\u00f3n de contacto<\/h3>\t\t<\/div>\n\t\t\t\t<\/div>\n\t\t\t\t<div class=\"elementor-element elementor-element-86c37e9 elementor-widget elementor-widget-text-editor\" data-id=\"86c37e9\" data-element_type=\"widget\" data-widget_type=\"text-editor.default\">\n\t\t\t\t<div class=\"elementor-widget-container\">\n\t\t\t\t\t\t\t<p>TRIPLE R EUROPE es el responsable del tratamiento de los datos personales recogidos. Si tiene alguna pregunta o comentario sobre esta pol\u00edtica de datos personales, puede ponerse en contacto con nosotros:<\/p>\t\t\t\t\t\t<\/div>\n\t\t\t\t<\/div>\n\t\t\t\t<div class=\"elementor-element elementor-element-c309b72 elementor-icon-list--layout-traditional elementor-list-item-link-full_width elementor-widget elementor-widget-icon-list\" data-id=\"c309b72\" data-element_type=\"widget\" data-widget_type=\"icon-list.default\">\n\t\t\t\t<div class=\"elementor-widget-container\">\n\t\t\t<link rel=\"stylesheet\" href=\"https:\/\/triple-rrr.com\/wp-content\/uploads\/elementor\/css\/custom-widget-icon-list.min.css?ver=1702063914\">\t\t<ul class=\"elementor-icon-list-items\">\n\t\t\t\t\t\t\t<li class=\"elementor-icon-list-item\">\n\t\t\t\t\t\t\t\t\t\t\t<a href=\"mailto:info@triple-rrr.com\" target=\"_blank\">\n\n\t\t\t\t\t\t\t\t\t\t\t<span class=\"elementor-icon-list-text\">info@triple-rrr.com<\/span>\n\t\t\t\t\t\t\t\t\t\t\t<\/a>\n\t\t\t\t\t\t\t\t\t<\/li>\n\t\t\t\t\t\t\t\t<li class=\"elementor-icon-list-item\">\n\t\t\t\t\t\t\t\t\t\t\t<a href=\"tel: 1 (416) 413-9202\">\n\n\t\t\t\t\t\t\t\t\t\t\t<span class=\"elementor-icon-list-text\">+1 (416) 413-9202<\/span>\n\t\t\t\t\t\t\t\t\t\t\t<\/a>\n\t\t\t\t\t\t\t\t\t<\/li>\n\t\t\t\t\t\t\t\t<li class=\"elementor-icon-list-item\">\n\t\t\t\t\t\t\t\t\t\t\t<a href=\"https:\/\/maps.app.goo.gl\/eSgsJSHjHcDDG6rf6\" target=\"_blank\">\n\n\t\t\t\t\t\t\t\t\t\t\t<span class=\"elementor-icon-list-text\">2700 Dufferin St., Unidad 86<\/span>\n\t\t\t\t\t\t\t\t\t\t\t<\/a>\n\t\t\t\t\t\t\t\t\t<\/li>\n\t\t\t\t\t\t\t\t<li class=\"elementor-icon-list-item\">\n\t\t\t\t\t\t\t\t\t\t\t<a href=\"https:\/\/maps.app.goo.gl\/eSgsJSHjHcDDG6rf6\" target=\"_blank\">\n\n\t\t\t\t\t\t\t\t\t\t\t<span class=\"elementor-icon-list-text\">York, ON M6B 4J3<\/span>\n\t\t\t\t\t\t\t\t\t\t\t<\/a>\n\t\t\t\t\t\t\t\t\t<\/li>\n\t\t\t\t\t\t\t\t<li class=\"elementor-icon-list-item\">\n\t\t\t\t\t\t\t\t\t\t<span class=\"elementor-icon-list-text\"><\/span>\n\t\t\t\t\t\t\t\t\t<\/li>\n\t\t\t\t\t\t<\/ul>\n\t\t\t\t<\/div>\n\t\t\t\t<\/div>\n\t\t\t\t\t<\/div>\n\t\t\t\t<\/div>\n\t\t<div class=\"elementor-element elementor-element-18624e9 e-con-full e-flex e-con e-parent\" data-id=\"18624e9\" data-element_type=\"container\" data-settings=\"{&quot;content_width&quot;:&quot;full&quot;,&quot;jet_parallax_layout_list&quot;:[]}\" data-core-v316-plus=\"true\">\n\t\t\t\t<div class=\"elementor-element elementor-element-5751a36 elementor-widget elementor-widget-template\" data-id=\"5751a36\" data-element_type=\"widget\" data-widget_type=\"template.default\">\n\t\t\t\t<div class=\"elementor-widget-container\">\n\t\t\t\t\t<div class=\"elementor-template\">\n\t\t\t\t\t<div data-elementor-type=\"section\" data-elementor-id=\"495\" class=\"elementor elementor-495\" data-elementor-post-type=\"elementor_library\">\n\t\t\t\t\t\t<div class=\"elementor-element elementor-element-f9c6ba7 e-flex e-con-boxed e-con e-parent\" data-id=\"f9c6ba7\" data-element_type=\"container\" data-settings=\"{&quot;background_background&quot;:&quot;classic&quot;,&quot;jet_parallax_layout_list&quot;:[],&quot;content_width&quot;:&quot;boxed&quot;}\" data-core-v316-plus=\"true\">\n\t\t\t\t\t<div class=\"e-con-inner\">\n\t\t\t\t<div class=\"elementor-element elementor-element-f23febe elementor-widget elementor-widget-heading\" data-id=\"f23febe\" data-element_type=\"widget\" data-widget_type=\"heading.default\">\n\t\t\t\t<div class=\"elementor-widget-container\">\n\t\t\t<h2 class=\"elementor-heading-title elementor-size-default\">P\u00f3ngase en contacto con nosotros para obtener soluciones integrales<\/h2>\t\t<\/div>\n\t\t\t\t<\/div>\n\t\t\t\t<div class=\"elementor-element elementor-element-f27d57f elementor-widget elementor-widget-text-editor\" data-id=\"f27d57f\" data-element_type=\"widget\" data-widget_type=\"text-editor.default\">\n\t\t\t\t<div class=\"elementor-widget-container\">\n\t\t\t\t\t\t\t<p>Experimente nuestras soluciones de filtraci\u00f3n y limpieza de aceite de primera categor\u00eda, dise\u00f1adas para satisfacer sus necesidades espec\u00edficas. Nuestro equipo especializado est\u00e1 listo para ayudarle con cualquier consulta, asistencia t\u00e9cnica o programaci\u00f3n de consultas.<\/p>\t\t\t\t\t\t<\/div>\n\t\t\t\t<\/div>\n\t\t<div class=\"elementor-element elementor-element-e41a51c e-flex e-con-boxed e-con e-child\" data-id=\"e41a51c\" data-element_type=\"container\" data-settings=\"{&quot;jet_parallax_layout_list&quot;:[],&quot;content_width&quot;:&quot;boxed&quot;}\">\n\t\t\t\t\t<div class=\"e-con-inner\">\n\t\t\t\t<div class=\"elementor-element elementor-element-836a652 elementor-widget__width-auto my-gradient-btn elementor-widget elementor-widget-button\" data-id=\"836a652\" data-element_type=\"widget\" data-widget_type=\"button.default\">\n\t\t\t\t<div class=\"elementor-widget-container\">\n\t\t\t\t\t<div class=\"elementor-button-wrapper\">\n\t\t\t<a class=\"elementor-button elementor-button-link elementor-size-sm\" href=\"https:\/\/www.triple-rrr.com\/es\/pongase-en-contacto-con\/\">\n\t\t\t\t\t\t<span class=\"elementor-button-content-wrapper\">\n\t\t\t\t\t\t<span class=\"elementor-button-text\">P\u00f3ngase en contacto con nosotros<\/span>\n\t\t<\/span>\n\t\t\t\t\t<\/a>\n\t\t<\/div>\n\t\t\t\t<\/div>\n\t\t\t\t<\/div>\n\t\t\t\t\t<\/div>\n\t\t\t\t<\/div>\n\t\t\t\t\t<\/div>\n\t\t\t\t<\/div>\n\t\t\t\t\t\t<\/div>\n\t\t\t\t<\/div>\n\t\t\t\t<\/div>\n\t\t\t\t<\/div>\n\t\t\t\t<\/div>\n\t\t\t\t\t\t\t<\/div>","protected":false},"excerpt":{"rendered":"<p>Privacidad Nuestra pol\u00edtica GDPR Como parte de nuestras actividades, registramos y utilizamos informaci\u00f3n sobre usted (datos personales generales) en relaci\u00f3n con su interacci\u00f3n con nosotros como persona vinculada a uno de nuestros clientes\/proveedores existentes o potenciales. Por lo tanto, TRIPLE R EUROPE es un \"controlador\" de sus datos personales, es decir, responsable. Todo contacto con [...]<\/p>","protected":false},"author":3,"featured_media":0,"parent":0,"menu_order":0,"comment_status":"closed","ping_status":"closed","template":"","meta":{"_seopress_robots_primary_cat":"","footnotes":""},"class_list":["post-92","page","type-page","status-publish","hentry"],"_links":{"self":[{"href":"https:\/\/www.triple-rrr.com\/es\/wp-json\/wp\/v2\/pages\/92","targetHints":{"allow":["GET"]}}],"collection":[{"href":"https:\/\/www.triple-rrr.com\/es\/wp-json\/wp\/v2\/pages"}],"about":[{"href":"https:\/\/www.triple-rrr.com\/es\/wp-json\/wp\/v2\/types\/page"}],"author":[{"embeddable":true,"href":"https:\/\/www.triple-rrr.com\/es\/wp-json\/wp\/v2\/users\/3"}],"replies":[{"embeddable":true,"href":"https:\/\/www.triple-rrr.com\/es\/wp-json\/wp\/v2\/comments?post=92"}],"version-history":[{"count":3,"href":"https:\/\/www.triple-rrr.com\/es\/wp-json\/wp\/v2\/pages\/92\/revisions"}],"predecessor-version":[{"id":2025,"href":"https:\/\/www.triple-rrr.com\/es\/wp-json\/wp\/v2\/pages\/92\/revisions\/2025"}],"wp:attachment":[{"href":"https:\/\/www.triple-rrr.com\/es\/wp-json\/wp\/v2\/media?parent=92"}],"curies":[{"name":"wp","href":"https:\/\/api.w.org\/{rel}","templated":true}]}}