{"id":457,"date":"2023-10-13T13:32:34","date_gmt":"2023-10-13T11:32:34","guid":{"rendered":"https:\/\/rrr.mailbox-marketing10.be\/?page_id=457"},"modified":"2023-11-19T22:51:47","modified_gmt":"2023-11-19T21:51:47","slug":"total-oil-management","status":"publish","type":"page","link":"https:\/\/www.triple-rrr.com\/es\/gestion-total-del-petroleo\/","title":{"rendered":"Gesti\u00f3n total del petr\u00f3leo"},"content":{"rendered":"<div data-elementor-type=\"wp-page\" data-elementor-id=\"457\" class=\"elementor elementor-457\" data-elementor-post-type=\"page\">\n\t\t\t\t\t\t\t<div class=\"elementor-element elementor-element-a7e5988 e-flex e-con-boxed e-con e-parent\" data-id=\"a7e5988\" data-element_type=\"container\" data-settings=\"{&quot;background_background&quot;:&quot;classic&quot;,&quot;jet_parallax_layout_list&quot;:[],&quot;content_width&quot;:&quot;boxed&quot;}\" data-core-v316-plus=\"true\">\n\t\t\t\t\t<div class=\"e-con-inner\">\n\t\t<div class=\"elementor-element elementor-element-6dbd528 e-con-full e-flex e-con e-child\" data-id=\"6dbd528\" data-element_type=\"container\" data-settings=\"{&quot;content_width&quot;:&quot;full&quot;,&quot;jet_parallax_layout_list&quot;:[]}\">\n\t\t\t\t<div class=\"elementor-element elementor-element-f1140dd elementor-widget__width-initial elementor-widget elementor-widget-heading\" data-id=\"f1140dd\" data-element_type=\"widget\" data-widget_type=\"heading.default\">\n\t\t\t\t<div class=\"elementor-widget-container\">\n\t\t\t<style>\/*! elementor - v3.17.0 - 08-11-2023 *\/\n.elementor-heading-title{padding:0;margin:0;line-height:1}.elementor-widget-heading .elementor-heading-title[class*=elementor-size-]>a{color:inherit;font-size:inherit;line-height:inherit}.elementor-widget-heading .elementor-heading-title.elementor-size-small{font-size:15px}.elementor-widget-heading .elementor-heading-title.elementor-size-medium{font-size:19px}.elementor-widget-heading .elementor-heading-title.elementor-size-large{font-size:29px}.elementor-widget-heading .elementor-heading-title.elementor-size-xl{font-size:39px}.elementor-widget-heading .elementor-heading-title.elementor-size-xxl{font-size:59px}<\/style><h1 class=\"elementor-heading-title elementor-size-default\">Deje de sustituir su aceite Empiece a limpiarlo<\/h1>\t\t<\/div>\n\t\t\t\t<\/div>\n\t\t\t\t<div class=\"elementor-element elementor-element-d68461d elementor-widget elementor-widget-text-editor\" data-id=\"d68461d\" data-element_type=\"widget\" data-widget_type=\"text-editor.default\">\n\t\t\t\t<div class=\"elementor-widget-container\">\n\t\t\t<style>\/*! elementor - v3.17.0 - 08-11-2023 *\/\n.elementor-widget-text-editor.elementor-drop-cap-view-stacked .elementor-drop-cap{background-color:#69727d;color:#fff}.elementor-widget-text-editor.elementor-drop-cap-view-framed .elementor-drop-cap{color:#69727d;border:3px solid;background-color:transparent}.elementor-widget-text-editor:not(.elementor-drop-cap-view-default) .elementor-drop-cap{margin-top:8px}.elementor-widget-text-editor:not(.elementor-drop-cap-view-default) .elementor-drop-cap-letter{width:1em;height:1em}.elementor-widget-text-editor .elementor-drop-cap{float:left;text-align:center;line-height:1;font-size:50px}.elementor-widget-text-editor .elementor-drop-cap-letter{display:inline-block}<\/style>\t\t\t\t<p>La industria cabalga sobre una pel\u00edcula de aceite de menos de 10\u00b5. Esta pel\u00edcula de aceite m\u00ednima garantiza una lubricaci\u00f3n perfecta de su maquinaria hidr\u00e1ulica y cajas de engranajes.<br \/>La pr\u00e1ctica demuestra que m\u00e1s de 70% de toda la maquinaria hidr\u00e1ulica est\u00e1 muy contaminada (&gt; NAS 9, &gt; ISO 21\/18\/16), \u00a1pero una lubricaci\u00f3n perfecta requiere 100% de aceite limpio! Es hora de empezar a limpiar... .<\/p>\t\t\t\t\t\t<\/div>\n\t\t\t\t<\/div>\n\t\t\t\t<div class=\"elementor-element elementor-element-ec9b7b6 elementor-widget__width-initial elementor-widget elementor-widget-heading\" data-id=\"ec9b7b6\" data-element_type=\"widget\" data-widget_type=\"heading.default\">\n\t\t\t\t<div class=\"elementor-widget-container\">\n\t\t\t<h2 class=\"elementor-heading-title elementor-size-default\">El resultado<\/h2>\t\t<\/div>\n\t\t\t\t<\/div>\n\t\t\t\t<div class=\"elementor-element elementor-element-6b5f6a0 elementor-widget elementor-widget-text-editor\" data-id=\"6b5f6a0\" data-element_type=\"widget\" data-widget_type=\"text-editor.default\">\n\t\t\t\t<div class=\"elementor-widget-container\">\n\t\t\t\t\t\t\t<p>El aceite limpio disminuye el desgaste, los fallos de bombas y v\u00e1lvulas, las fugas, la parada de la m\u00e1quina, la frecuencia de los cambios de aceite, pero sobre todo... \u00a1la productividad y la p\u00e9rdida de producci\u00f3n!<\/p><p>La gesti\u00f3n eficaz del aceite es esencial.<br \/>Cambiar el aceite y los filtros del sistema de vez en cuando no es garant\u00eda de aceite limpio.<\/p><p>Con nuestro PROGRAMA DE GESTI\u00d3N DE ACEITE nos comprometemos a un aceite perfectamente limpio de forma continua, \u00a1a 50% de su coste real de aceite!<\/p>\t\t\t\t\t\t<\/div>\n\t\t\t\t<\/div>\n\t\t\t\t<\/div>\n\t\t<div class=\"elementor-element elementor-element-3c4da1e e-con-full e-flex e-con e-child\" data-id=\"3c4da1e\" data-element_type=\"container\" data-settings=\"{&quot;content_width&quot;:&quot;full&quot;,&quot;background_background&quot;:&quot;video&quot;,&quot;jet_parallax_layout_list&quot;:[],&quot;background_video_link&quot;:&quot;https:\\\/\\\/www.triple-rrr.com\\\/wp-content\\\/uploads\\\/2023\\\/10\\\/Moving-Oil-Triple-R.mp4&quot;,&quot;background_play_on_mobile&quot;:&quot;yes&quot;}\">\n\t\t<div class=\"elementor-background-video-container\">\n\t\t\t\t\t\t\t<video class=\"elementor-background-video-hosted elementor-html5-video\" autoplay muted playsinline loop><\/video>\n\t\t\t\t\t<\/div>\t\t<\/div>\n\t\t\t\t\t<\/div>\n\t\t\t\t<\/div>\n\t\t<div class=\"elementor-element elementor-element-2603dfe e-flex e-con-boxed e-con e-parent\" data-id=\"2603dfe\" data-element_type=\"container\" data-settings=\"{&quot;background_background&quot;:&quot;classic&quot;,&quot;jet_parallax_layout_list&quot;:[],&quot;content_width&quot;:&quot;boxed&quot;}\" data-core-v316-plus=\"true\">\n\t\t\t\t\t<div class=\"e-con-inner\">\n\t\t\t\t<div class=\"elementor-element elementor-element-7ceeca3 elementor-widget__width-initial elementor-widget elementor-widget-heading\" data-id=\"7ceeca3\" data-element_type=\"widget\" data-widget_type=\"heading.default\">\n\t\t\t\t<div class=\"elementor-widget-container\">\n\t\t\t<h2 class=\"elementor-heading-title elementor-size-default\">Programa de gesti\u00f3n del petr\u00f3leo<\/h2>\t\t<\/div>\n\t\t\t\t<\/div>\n\t\t<div class=\"elementor-element elementor-element-d691c37 e-flex e-con-boxed e-con e-child\" data-id=\"d691c37\" data-element_type=\"container\" data-settings=\"{&quot;jet_parallax_layout_list&quot;:[],&quot;content_width&quot;:&quot;boxed&quot;}\">\n\t\t\t\t\t<div class=\"e-con-inner\">\n\t\t<div class=\"elementor-element elementor-element-e5df4f6 e-con-full e-flex e-con e-child\" data-id=\"e5df4f6\" data-element_type=\"container\" data-settings=\"{&quot;content_width&quot;:&quot;full&quot;,&quot;jet_parallax_layout_list&quot;:[]}\">\n\t\t\t\t<div class=\"elementor-element elementor-element-7087833 elementor-widget elementor-widget-heading\" data-id=\"7087833\" data-element_type=\"widget\" data-widget_type=\"heading.default\">\n\t\t\t\t<div class=\"elementor-widget-container\">\n\t\t\t<h3 class=\"elementor-heading-title elementor-size-default\"> \t\nDecisiones basadas en datos<\/h3>\t\t<\/div>\n\t\t\t\t<\/div>\n\t\t\t\t<div class=\"elementor-element elementor-element-2cc654e elementor-widget elementor-widget-text-editor\" data-id=\"2cc654e\" data-element_type=\"widget\" data-widget_type=\"text-editor.default\">\n\t\t\t\t<div class=\"elementor-widget-container\">\n\t\t\t\t\t\t\t<p>Nuestro especialista en filtraci\u00f3n tomar\u00e1 una muestra de aceite antes y despu\u00e9s de la limpieza. La soluci\u00f3n propuesta garantizar\u00e1 un aceite limpio.\u00a0<\/p>\t\t\t\t\t\t<\/div>\n\t\t\t\t<\/div>\n\t\t\t\t<div class=\"elementor-element elementor-element-17c6f3d elementor-widget elementor-widget-heading\" data-id=\"17c6f3d\" data-element_type=\"widget\" data-widget_type=\"heading.default\">\n\t\t\t\t<div class=\"elementor-widget-container\">\n\t\t\t<h3 class=\"elementor-heading-title elementor-size-default\">\u00a1Oil Management es 50% m\u00e1s barato que cambiar el aceite!<\/h3>\t\t<\/div>\n\t\t\t\t<\/div>\n\t\t\t\t<div class=\"elementor-element elementor-element-959ede4 elementor-widget elementor-widget-text-editor\" data-id=\"959ede4\" data-element_type=\"widget\" data-widget_type=\"text-editor.default\">\n\t\t\t\t<div class=\"elementor-widget-container\">\n\t\t\t\t\t\t\t<p>Cuando se realiza un cambio de aceite, se tira aceite porque est\u00e1 sucio, no porque el aceite est\u00e9 malo. Un Programa de Gesti\u00f3n del Aceite evita tirar el aceite sucio.<\/p>\t\t\t\t\t\t<\/div>\n\t\t\t\t<\/div>\n\t\t\t\t<div class=\"elementor-element elementor-element-b9ddb2b elementor-widget elementor-widget-heading\" data-id=\"b9ddb2b\" data-element_type=\"widget\" data-widget_type=\"heading.default\">\n\t\t\t\t<div class=\"elementor-widget-container\">\n\t\t\t<h3 class=\"elementor-heading-title elementor-size-default\">\t\nMayor fiabilidad de la m\u00e1quina<\/h3>\t\t<\/div>\n\t\t\t\t<\/div>\n\t\t\t\t<div class=\"elementor-element elementor-element-b269edc elementor-widget elementor-widget-text-editor\" data-id=\"b269edc\" data-element_type=\"widget\" data-widget_type=\"text-editor.default\">\n\t\t\t\t<div class=\"elementor-widget-container\">\n\t\t\t\t\t\t\t<p>Con los cambios regulares de aceite quedan part\u00edculas s\u00f3lidas, agua y material de oxidaci\u00f3n en las mangueras y el dep\u00f3sito del sistema. El aceite contaminado provocar\u00e1 tarde o temprano aver\u00edas en la m\u00e1quina y p\u00e9rdidas de producci\u00f3n. El programa de gesti\u00f3n del aceite limpiar\u00e1 todo el sistema.<\/p>\t\t\t\t\t\t<\/div>\n\t\t\t\t<\/div>\n\t\t\t\t<\/div>\n\t\t<div class=\"elementor-element elementor-element-13a92e4 e-con-full e-flex e-con e-child\" data-id=\"13a92e4\" data-element_type=\"container\" data-settings=\"{&quot;content_width&quot;:&quot;full&quot;,&quot;jet_parallax_layout_list&quot;:[]}\">\n\t\t\t\t<div class=\"elementor-element elementor-element-b02944a elementor-widget elementor-widget-heading\" data-id=\"b02944a\" data-element_type=\"widget\" data-widget_type=\"heading.default\">\n\t\t\t\t<div class=\"elementor-widget-container\">\n\t\t\t<h3 class=\"elementor-heading-title elementor-size-default\">\t\nAumento de la producci\u00f3n<\/h3>\t\t<\/div>\n\t\t\t\t<\/div>\n\t\t\t\t<div class=\"elementor-element elementor-element-91e9e28 elementor-widget elementor-widget-text-editor\" data-id=\"91e9e28\" data-element_type=\"widget\" data-widget_type=\"text-editor.default\">\n\t\t\t\t<div class=\"elementor-widget-container\">\n\t\t\t\t\t\t\t<p>La limpieza del aceite se realiza mientras la maquinaria sigue funcionando. Sin necesidad de parar la m\u00e1quina para realizar tareas de mantenimiento = mayor producci\u00f3n.<\/p>\t\t\t\t\t\t<\/div>\n\t\t\t\t<\/div>\n\t\t\t\t<div class=\"elementor-element elementor-element-1bc23f6 elementor-widget elementor-widget-heading\" data-id=\"1bc23f6\" data-element_type=\"widget\" data-widget_type=\"heading.default\">\n\t\t\t\t<div class=\"elementor-widget-container\">\n\t\t\t<h3 class=\"elementor-heading-title elementor-size-default\">Al servicio del medio ambiente<\/h3>\t\t<\/div>\n\t\t\t\t<\/div>\n\t\t\t\t<div class=\"elementor-element elementor-element-8400545 elementor-widget elementor-widget-text-editor\" data-id=\"8400545\" data-element_type=\"widget\" data-widget_type=\"text-editor.default\">\n\t\t\t\t<div class=\"elementor-widget-container\">\n\t\t\t\t\t\t\t<p>Un Programa de Gesti\u00f3n del Aceite evita el derroche de su preciado aceite. Esto protege el medio ambiente y le ayuda a ahorrar en costes de mantenimiento.<\/p>\t\t\t\t\t\t<\/div>\n\t\t\t\t<\/div>\n\t\t\t\t<div class=\"elementor-element elementor-element-cebdc43 elementor-widget elementor-widget-image\" data-id=\"cebdc43\" data-element_type=\"widget\" data-widget_type=\"image.default\">\n\t\t\t\t<div class=\"elementor-widget-container\">\n\t\t\t<style>\/*! elementor - v3.17.0 - 08-11-2023 *\/\n.elementor-widget-image{text-align:center}.elementor-widget-image a{display:inline-block}.elementor-widget-image a img[src$=\".svg\"]{width:48px}.elementor-widget-image img{vertical-align:middle;display:inline-block}<\/style>\t\t\t\t\t\t\t\t\t\t\t\t<img loading=\"lazy\" decoding=\"async\" width=\"800\" height=\"447\" src=\"https:\/\/www.triple-rrr.com\/wp-content\/uploads\/2023\/10\/Footprint-1.png\" class=\"attachment-large size-large wp-image-2683\" alt=\"\" srcset=\"https:\/\/www.triple-rrr.com\/wp-content\/uploads\/2023\/10\/Footprint-1.png 854w, https:\/\/www.triple-rrr.com\/wp-content\/uploads\/2023\/10\/Footprint-1-500x279.png 500w, https:\/\/www.triple-rrr.com\/wp-content\/uploads\/2023\/10\/Footprint-1-768x429.png 768w\" sizes=\"auto, (max-width: 800px) 100vw, 800px\" \/>\t\t\t\t\t\t\t\t\t\t\t\t\t\t\t<\/div>\n\t\t\t\t<\/div>\n\t\t\t\t<\/div>\n\t\t\t\t\t<\/div>\n\t\t\t\t<\/div>\n\t\t\t\t\t<\/div>\n\t\t\t\t<\/div>\n\t\t<div class=\"elementor-element elementor-element-06e43fc e-con-full e-flex e-con e-parent\" data-id=\"06e43fc\" data-element_type=\"container\" data-settings=\"{&quot;content_width&quot;:&quot;full&quot;,&quot;jet_parallax_layout_list&quot;:[]}\" data-core-v316-plus=\"true\">\n\t\t\t\t<div class=\"elementor-element elementor-element-6674215 elementor-widget elementor-widget-template\" data-id=\"6674215\" data-element_type=\"widget\" data-widget_type=\"template.default\">\n\t\t\t\t<div class=\"elementor-widget-container\">\n\t\t\t\t\t<div class=\"elementor-template\">\n\t\t\t\t\t<div data-elementor-type=\"section\" data-elementor-id=\"495\" class=\"elementor elementor-495\" data-elementor-post-type=\"elementor_library\">\n\t\t\t\t\t\t<div class=\"elementor-element elementor-element-f9c6ba7 e-flex e-con-boxed e-con e-parent\" data-id=\"f9c6ba7\" data-element_type=\"container\" data-settings=\"{&quot;background_background&quot;:&quot;classic&quot;,&quot;jet_parallax_layout_list&quot;:[],&quot;content_width&quot;:&quot;boxed&quot;}\" data-core-v316-plus=\"true\">\n\t\t\t\t\t<div class=\"e-con-inner\">\n\t\t\t\t<div class=\"elementor-element elementor-element-f23febe elementor-widget elementor-widget-heading\" data-id=\"f23febe\" data-element_type=\"widget\" data-widget_type=\"heading.default\">\n\t\t\t\t<div class=\"elementor-widget-container\">\n\t\t\t<h2 class=\"elementor-heading-title elementor-size-default\">P\u00f3ngase en contacto con nosotros para obtener soluciones integrales<\/h2>\t\t<\/div>\n\t\t\t\t<\/div>\n\t\t\t\t<div class=\"elementor-element elementor-element-f27d57f elementor-widget elementor-widget-text-editor\" data-id=\"f27d57f\" data-element_type=\"widget\" data-widget_type=\"text-editor.default\">\n\t\t\t\t<div class=\"elementor-widget-container\">\n\t\t\t\t\t\t\t<p>Experimente nuestras soluciones de filtraci\u00f3n y limpieza de aceite de primera categor\u00eda, dise\u00f1adas para satisfacer sus necesidades espec\u00edficas. Nuestro equipo especializado est\u00e1 listo para ayudarle con cualquier consulta, asistencia t\u00e9cnica o programaci\u00f3n de consultas.<\/p>\t\t\t\t\t\t<\/div>\n\t\t\t\t<\/div>\n\t\t<div class=\"elementor-element elementor-element-e41a51c e-flex e-con-boxed e-con e-child\" data-id=\"e41a51c\" data-element_type=\"container\" data-settings=\"{&quot;jet_parallax_layout_list&quot;:[],&quot;content_width&quot;:&quot;boxed&quot;}\">\n\t\t\t\t\t<div class=\"e-con-inner\">\n\t\t\t\t<div class=\"elementor-element elementor-element-836a652 elementor-widget__width-auto my-gradient-btn elementor-widget elementor-widget-button\" data-id=\"836a652\" data-element_type=\"widget\" data-widget_type=\"button.default\">\n\t\t\t\t<div class=\"elementor-widget-container\">\n\t\t\t\t\t<div class=\"elementor-button-wrapper\">\n\t\t\t<a class=\"elementor-button elementor-button-link elementor-size-sm\" href=\"https:\/\/www.triple-rrr.com\/es\/pongase-en-contacto-con\/\">\n\t\t\t\t\t\t<span class=\"elementor-button-content-wrapper\">\n\t\t\t\t\t\t<span class=\"elementor-button-text\">P\u00f3ngase en contacto con nosotros<\/span>\n\t\t<\/span>\n\t\t\t\t\t<\/a>\n\t\t<\/div>\n\t\t\t\t<\/div>\n\t\t\t\t<\/div>\n\t\t\t\t\t<\/div>\n\t\t\t\t<\/div>\n\t\t\t\t\t<\/div>\n\t\t\t\t<\/div>\n\t\t\t\t\t\t<\/div>\n\t\t\t\t<\/div>\n\t\t\t\t<\/div>\n\t\t\t\t<\/div>\n\t\t\t\t<\/div>\n\t\t\t\t\t\t\t<\/div>","protected":false},"excerpt":{"rendered":"<p>Deje de sustituir el aceite y empiece a limpiarlo La industria se basa en una pel\u00edcula de aceite inferior a 10\u00b5. La pr\u00e1ctica demuestra que m\u00e1s de 70% de toda la maquinaria hidr\u00e1ulica est\u00e1 altamente contaminada (&gt; NAS 9, &gt; ISO 21\/18\/16), pero una lubricaci\u00f3n perfecta requiere 100% de aceite limpio [...].<\/p>","protected":false},"author":3,"featured_media":0,"parent":0,"menu_order":0,"comment_status":"closed","ping_status":"closed","template":"","meta":{"_seopress_robots_primary_cat":"","footnotes":""},"class_list":["post-457","page","type-page","status-publish","hentry"],"_links":{"self":[{"href":"https:\/\/www.triple-rrr.com\/es\/wp-json\/wp\/v2\/pages\/457","targetHints":{"allow":["GET"]}}],"collection":[{"href":"https:\/\/www.triple-rrr.com\/es\/wp-json\/wp\/v2\/pages"}],"about":[{"href":"https:\/\/www.triple-rrr.com\/es\/wp-json\/wp\/v2\/types\/page"}],"author":[{"embeddable":true,"href":"https:\/\/www.triple-rrr.com\/es\/wp-json\/wp\/v2\/users\/3"}],"replies":[{"embeddable":true,"href":"https:\/\/www.triple-rrr.com\/es\/wp-json\/wp\/v2\/comments?post=457"}],"version-history":[{"count":3,"href":"https:\/\/www.triple-rrr.com\/es\/wp-json\/wp\/v2\/pages\/457\/revisions"}],"predecessor-version":[{"id":3600,"href":"https:\/\/www.triple-rrr.com\/es\/wp-json\/wp\/v2\/pages\/457\/revisions\/3600"}],"wp:attachment":[{"href":"https:\/\/www.triple-rrr.com\/es\/wp-json\/wp\/v2\/media?parent=457"}],"curies":[{"name":"wp","href":"https:\/\/api.w.org\/{rel}","templated":true}]}}