{"id":455,"date":"2023-10-13T13:30:56","date_gmt":"2023-10-13T11:30:56","guid":{"rendered":"https:\/\/rrr.mailbox-marketing10.be\/?page_id=455"},"modified":"2023-11-21T13:31:08","modified_gmt":"2023-11-21T12:31:08","slug":"calculator","status":"publish","type":"page","link":"https:\/\/www.triple-rrr.com\/es\/calculadora\/","title":{"rendered":"Calculadora"},"content":{"rendered":"<div data-elementor-type=\"wp-page\" data-elementor-id=\"455\" class=\"elementor elementor-455\" data-elementor-post-type=\"page\">\n\t\t\t\t\t\t\t<div class=\"elementor-element elementor-element-1cca0ea e-flex e-con-boxed e-con e-parent\" data-id=\"1cca0ea\" data-element_type=\"container\" data-settings=\"{&quot;background_background&quot;:&quot;classic&quot;,&quot;jet_parallax_layout_list&quot;:[],&quot;content_width&quot;:&quot;boxed&quot;}\" data-core-v316-plus=\"true\">\n\t\t\t\t\t<div class=\"e-con-inner\">\n\t\t<div class=\"elementor-element elementor-element-0e92320 e-con-full e-flex e-con e-child\" data-id=\"0e92320\" data-element_type=\"container\" data-settings=\"{&quot;content_width&quot;:&quot;full&quot;,&quot;jet_parallax_layout_list&quot;:[]}\">\n\t\t\t\t<div class=\"elementor-element elementor-element-d846139 elementor-widget__width-initial elementor-widget elementor-widget-heading\" data-id=\"d846139\" data-element_type=\"widget\" data-widget_type=\"heading.default\">\n\t\t\t\t<div class=\"elementor-widget-container\">\n\t\t\t<style>\/*! elementor - v3.17.0 - 08-11-2023 *\/\n.elementor-heading-title{padding:0;margin:0;line-height:1}.elementor-widget-heading .elementor-heading-title[class*=elementor-size-]>a{color:inherit;font-size:inherit;line-height:inherit}.elementor-widget-heading .elementor-heading-title.elementor-size-small{font-size:15px}.elementor-widget-heading .elementor-heading-title.elementor-size-medium{font-size:19px}.elementor-widget-heading .elementor-heading-title.elementor-size-large{font-size:29px}.elementor-widget-heading .elementor-heading-title.elementor-size-xl{font-size:39px}.elementor-widget-heading .elementor-heading-title.elementor-size-xxl{font-size:59px}<\/style><h1 class=\"elementor-heading-title elementor-size-default\">Caclulador<\/h1>\t\t<\/div>\n\t\t\t\t<\/div>\n\t\t\t\t<div class=\"elementor-element elementor-element-8f0dcab elementor-widget elementor-widget-text-editor\" data-id=\"8f0dcab\" data-element_type=\"widget\" data-widget_type=\"text-editor.default\">\n\t\t\t\t<div class=\"elementor-widget-container\">\n\t\t\t<style>\/*! elementor - v3.17.0 - 08-11-2023 *\/\n.elementor-widget-text-editor.elementor-drop-cap-view-stacked .elementor-drop-cap{background-color:#69727d;color:#fff}.elementor-widget-text-editor.elementor-drop-cap-view-framed .elementor-drop-cap{color:#69727d;border:3px solid;background-color:transparent}.elementor-widget-text-editor:not(.elementor-drop-cap-view-default) .elementor-drop-cap{margin-top:8px}.elementor-widget-text-editor:not(.elementor-drop-cap-view-default) .elementor-drop-cap-letter{width:1em;height:1em}.elementor-widget-text-editor .elementor-drop-cap{float:left;text-align:center;line-height:1;font-size:50px}.elementor-widget-text-editor .elementor-drop-cap-letter{display:inline-block}<\/style>\t\t\t\t<p><!-- wp:paragraph --><\/p>\n<p>Lo sentimos, todav\u00eda en construcci\u00f3n. Por favor, tenga un poco de paciencia. La calculadora de ROI estar\u00e1 disponible en breve.<\/p>\n<p><!-- \/wp:paragraph --><!-- wp:paragraph --><\/p>\n<p>Puedes prepararte obteniendo datos b\u00e1sicos:<\/p>\n<p><!-- \/wp:paragraph --><!-- wp:list --><\/p>\n<ul><!-- wp:list-item -->\n<li>N\u00famero de m\u00e1quinas<\/li>\n<!-- \/wp:list-item --><!-- wp:list-item -->\n<li>Disponibilidad de su m\u00e1quina hoy en %<\/li>\n<!-- \/wp:list-item --><!-- wp:list-item -->\n<li>Coste de mano de obra por hora<\/li>\n<!-- \/wp:list-item --><!-- wp:list-item -->\n<li>Coste de parada de la producci\u00f3n por hora<\/li>\n<\/ul>\n<p><!-- \/wp:paragraph --><\/p>\t\t\t\t\t\t<\/div>\n\t\t\t\t<\/div>\n\t\t\t\t<div class=\"elementor-element elementor-element-a88f45f elementor-widget__width-initial elementor-widget elementor-widget-heading\" data-id=\"a88f45f\" data-element_type=\"widget\" data-widget_type=\"heading.default\">\n\t\t\t\t<div class=\"elementor-widget-container\">\n\t\t\t<h2 class=\"elementor-heading-title elementor-size-default\">Segundo c\u00e1lculo<\/h2>\t\t<\/div>\n\t\t\t\t<\/div>\n\t\t\t\t<div class=\"elementor-element elementor-element-c2f110d elementor-widget elementor-widget-text-editor\" data-id=\"c2f110d\" data-element_type=\"widget\" data-widget_type=\"text-editor.default\">\n\t\t\t\t<div class=\"elementor-widget-container\">\n\t\t\t\t\t\t\t<p><!-- wp:paragraph --><!-- \/wp:paragraph --><!-- wp:paragraph --><\/p>\n<p>Un segundo c\u00e1lculo se basa en el ahorro directo que puede conseguir en gastos t\u00edpicos de mantenimiento:<\/p>\n<p><!-- \/wp:paragraph --><!-- wp:list --><\/p>\n<ul><!-- wp:list-item -->\n<li>\u00bfCu\u00e1nto aceite consume al a\u00f1o y cu\u00e1l es el coste anual? Con Triple R, reducir\u00e1 ese coste en 90%<\/li>\n<!-- \/wp:list-item --><!-- wp:list-item -->\n<li>Se aver\u00edan bombas, servov\u00e1lvulas y otros componentes. \u00bfCu\u00e1l es su coste medio y con qu\u00e9 frecuencia se le aver\u00eda una pieza al a\u00f1o? Con Triple R, eliminar\u00e1 f\u00e1cilmente 80% de estos gastos repentinos y, en su mayor\u00eda, imprevistos.<\/li>\n<!-- \/wp:list-item --><\/ul>\n<p><!-- \/wp:list --><!-- wp:paragraph --><\/p>\n<p>\u00a0<\/p>\n<p><!-- \/wp:paragraph --><\/p>\t\t\t\t\t\t<\/div>\n\t\t\t\t<\/div>\n\t\t\t\t<\/div>\n\t\t<div class=\"elementor-element elementor-element-8312b66 e-con-full e-flex e-con e-child\" data-id=\"8312b66\" data-element_type=\"container\" data-settings=\"{&quot;content_width&quot;:&quot;full&quot;,&quot;background_background&quot;:&quot;video&quot;,&quot;jet_parallax_layout_list&quot;:[],&quot;background_video_link&quot;:&quot;https:\\\/\\\/www.triple-rrr.com\\\/wp-content\\\/uploads\\\/2023\\\/10\\\/Moving-Oil-Triple-R.mp4&quot;,&quot;background_play_on_mobile&quot;:&quot;yes&quot;}\">\n\t\t<div class=\"elementor-background-video-container\">\n\t\t\t\t\t\t\t<video class=\"elementor-background-video-hosted elementor-html5-video\" autoplay muted playsinline loop><\/video>\n\t\t\t\t\t<\/div>\t\t<\/div>\n\t\t\t\t\t<\/div>\n\t\t\t\t<\/div>\n\t\t\t\t\t\t\t<\/div>","protected":false},"excerpt":{"rendered":"<p>Caclulator Lo sentimos, todav\u00eda en construcci\u00f3n. por favor, tenga un poco de paciencia. La calculadora de ROI estar\u00e1 disponible en breve. Usted puede prepararse mediante la obtenci\u00f3n de datos b\u00e1sicos:<\/p>","protected":false},"author":3,"featured_media":0,"parent":0,"menu_order":0,"comment_status":"closed","ping_status":"closed","template":"","meta":{"_seopress_robots_primary_cat":"","footnotes":""},"class_list":["post-455","page","type-page","status-publish","hentry"],"_links":{"self":[{"href":"https:\/\/www.triple-rrr.com\/es\/wp-json\/wp\/v2\/pages\/455","targetHints":{"allow":["GET"]}}],"collection":[{"href":"https:\/\/www.triple-rrr.com\/es\/wp-json\/wp\/v2\/pages"}],"about":[{"href":"https:\/\/www.triple-rrr.com\/es\/wp-json\/wp\/v2\/types\/page"}],"author":[{"embeddable":true,"href":"https:\/\/www.triple-rrr.com\/es\/wp-json\/wp\/v2\/users\/3"}],"replies":[{"embeddable":true,"href":"https:\/\/www.triple-rrr.com\/es\/wp-json\/wp\/v2\/comments?post=455"}],"version-history":[{"count":3,"href":"https:\/\/www.triple-rrr.com\/es\/wp-json\/wp\/v2\/pages\/455\/revisions"}],"predecessor-version":[{"id":3692,"href":"https:\/\/www.triple-rrr.com\/es\/wp-json\/wp\/v2\/pages\/455\/revisions\/3692"}],"wp:attachment":[{"href":"https:\/\/www.triple-rrr.com\/es\/wp-json\/wp\/v2\/media?parent=455"}],"curies":[{"name":"wp","href":"https:\/\/api.w.org\/{rel}","templated":true}]}}